{"id":57,"date":"2022-04-15T17:32:11","date_gmt":"2022-04-15T15:32:11","guid":{"rendered":"http:\/\/archiviodistatoverona.cultura.gov.it\/?page_id=57"},"modified":"2025-12-29T14:27:41","modified_gmt":"2025-12-29T13:27:41","slug":"progetto-digital-archive-verona-davr","status":"publish","type":"page","link":"https:\/\/archiviodistatoverona.cultura.gov.it\/?page_id=57","title":{"rendered":"Progetto Digital Archive Verona (DAVR)"},"content":{"rendered":"\t\t<div data-elementor-type=\"wp-page\" data-elementor-id=\"57\" class=\"elementor elementor-57\">\n\t\t\t\t\t\t<section class=\"elementor-section elementor-top-section elementor-element elementor-element-ae556b5 elementor-section-boxed elementor-section-height-default elementor-section-height-default\" data-id=\"ae556b5\" data-element_type=\"section\">\n\t\t\t\t\t\t<div class=\"elementor-container elementor-column-gap-default\">\n\t\t\t\t\t<div class=\"elementor-column elementor-col-100 elementor-top-column elementor-element elementor-element-e48c369\" data-id=\"e48c369\" data-element_type=\"column\">\n\t\t\t<div class=\"elementor-widget-wrap\">\n\t\t\t\t\t\t\t<\/div>\n\t\t<\/div>\n\t\t\t\t\t<\/div>\n\t\t<\/section>\n\t\t\t\t<section class=\"elementor-section elementor-top-section elementor-element elementor-element-bd63a4c elementor-section-boxed elementor-section-height-default elementor-section-height-default\" data-id=\"bd63a4c\" data-element_type=\"section\">\n\t\t\t\t\t\t<div class=\"elementor-container elementor-column-gap-default\">\n\t\t\t\t\t<div class=\"elementor-column elementor-col-50 elementor-top-column elementor-element elementor-element-6a0292f\" data-id=\"6a0292f\" data-element_type=\"column\">\n\t\t\t<div class=\"elementor-widget-wrap elementor-element-populated\">\n\t\t\t\t\t\t<div class=\"elementor-element elementor-element-a0a9c41 elementor-invisible elementor-widget elementor-widget-text-editor\" data-id=\"a0a9c41\" data-element_type=\"widget\" data-settings=\"{&quot;_animation&quot;:&quot;fadeInUp&quot;}\" data-widget_type=\"text-editor.default\">\n\t\t\t\t<div class=\"elementor-widget-container\">\n\t\t\t\t\t\t\t\t\t<table>\n<tbody>\n<tr>\n<td width=\"500\"><a href=\"https:\/\/archiviodistatoverona.cultura.gov.it\/?page_id=433\" rel=\"noopener\"><strong>Guida al patrimonio\n<\/strong><\/a><\/td>\n<\/tr>\n<tr>\n<td width=\"642\"><strong><a href=\"https:\/\/archiviodistatoverona.cultura.gov.it\/?page_id=435\" rel=\"noopener\">Sistemi informativi e banche dati<\/a>\n<\/strong><\/td>\n<\/tr>\n<tr>\n<td width=\"642\"><strong>\u00a0\u00a0\u00a0\u00a0\u00a0\u00a0 <\/strong><a href=\"https:\/\/archiviodistatoverona.cultura.gov.it\/?page_id=2546\"><strong>&#8211; S.I.A.S.<\/strong><\/a><\/td>\n<\/tr>\n<\/tbody>\n<tbody>\n<tr>\n<td width=\"642\"><strong>\u00a0\u00a0\u00a0\u00a0\u00a0\u00a0 <\/strong><strong><a href=\"https:\/\/archiviodistatoverona.cultura.gov.it\/?page_id=4154\">&#8211; Archivio Digitale<\/a><\/strong><\/td>\n<\/tr>\n<\/tbody>\n<tbody>\n<tr>\n<td width=\"642\"><strong>\u00a0\u00a0\u00a0\u00a0\u00a0\u00a0 <\/strong><a href=\"https:\/\/archiviodistatoverona.cultura.gov.it\/?page_id=57\" rel=\"noopener\"><strong>&#8211; DA<\/strong><strong>Vr<\/strong><\/a><\/td>\n<\/tr>\n<tr>\n<td width=\"642\"><strong>\u00a0\u00a0\u00a0\u00a0\u00a0\u00a0 <\/strong><strong><a href=\"https:\/\/archiviodistatoverona.cultura.gov.it\/ricercatestamenti\">&#8211; <\/a><a href=\"https:\/\/archiviodistatoverona.cultura.gov.it\/?page_id=3794\">Ricerca mappe<\/a><\/strong><\/td>\n<\/tr>\n<tr>\n<td width=\"642\"><strong>\u00a0\u00a0\u00a0\u00a0\u00a0\u00a0 <\/strong><strong><a href=\"https:\/\/archiviodistatoverona.cultura.gov.it\/ricercatestamenti\">&#8211; <\/a><a href=\"https:\/\/archiviodistatoverona.cultura.gov.it\/?page_id=3789\">Ricerca testamenti<\/a><\/strong><\/td>\n<\/tr>\n<tr>\n<td width=\"500\"><strong>\u00a0\u00a0\u00a0\u00a0\u00a0\u00a0 <a href=\"https:\/\/archiviodistatoverona.cultura.gov.it\/?page_id=59\">&#8211; Banca dati di leva<\/a><\/strong><a href=\"https:\/\/archiviodistatoverona.cultura.gov.it\/?page_id=34\" target=\"_blank\" rel=\"noopener\"><strong>\n<\/strong><\/a><\/td>\n<\/tr>\n<tr>\n<td width=\"642\"><strong><a href=\"https:\/\/archiviodistatoverona.cultura.gov.it\/?page_id=2630\">Strumenti di ricerca<\/a><\/strong><\/td>\n<\/tr>\n<tr>\n<td width=\"500\"><a href=\"https:\/\/archiviodistatoverona.cultura.gov.it\/?page_id=1955\" rel=\"noopener\"><strong>MusALab Dario Fo &#8211; Franca Rame\n<\/strong><\/a><\/td>\n<\/tr>\n<\/tbody>\n<\/table>\t\t\t\t\t\t\t\t<\/div>\n\t\t\t\t<\/div>\n\t\t\t\t\t<\/div>\n\t\t<\/div>\n\t\t\t\t<div class=\"elementor-column elementor-col-50 elementor-top-column elementor-element elementor-element-96cd83a\" data-id=\"96cd83a\" data-element_type=\"column\">\n\t\t\t<div class=\"elementor-widget-wrap elementor-element-populated\">\n\t\t\t\t\t\t<div class=\"elementor-element elementor-element-fe8b883 elementor-widget elementor-widget-text-editor\" data-id=\"fe8b883\" data-element_type=\"widget\" data-widget_type=\"text-editor.default\">\n\t\t\t\t<div class=\"elementor-widget-container\">\n\t\t\t\t\t\t\t\t\t<p><span style=\"color: #000000;\">L\u2019Archivio di Stato di Verona conserva una documentazione di notevole importanza storica che copre un arco temporale di<strong>&nbsp;<\/strong>tredici secoli<strong>,&nbsp;<\/strong>&nbsp;un ricco patrimonio documentario costituito oltre che da materiale cartaceo anche da decine di migliaia di documenti pergamenacei.<\/span><\/p>\n<div>\n<p><span style=\"color: #000000;\">In vista del trasferimento nella nuova sede, l\u2019Archivio di Stato ha elaborato e realizzato un progetto di riproduzione digitale e di informatizzazione del patrimonio documentario custodito.<\/span><\/p>\n<p><span style=\"color: #000000;\">Oggetto del presente progetto&nbsp;di digitalizzazione e informatizzazione sono stati&nbsp;i documenti appartenenti ai seguenti fondi o serie:<\/span><\/p>\n<ul>\n<li><span style=\"color: #000000;\">Antico archivio del Comune di Verona \u2013 Atti dei Consigli del Comune, dal 1405 al 1797 (voll. 83);<\/span><\/li>\n<li><span style=\"color: #000000;\">Antico archivio del Comune di Verona \u2013 Lettere ducali, dal 1419 al 1768 (voll. 39);<\/span><\/li>\n<li><span style=\"color: #000000;\">Ufficio del Registro \u2013 Testamenti della citt\u00e0 e del territorio di Verona, dal 1408 al 1505 (atti 32.926);<\/span><\/li>\n<li><span style=\"color: #000000;\">Fondi archivistici diversi \u2013 Mappe e disegni, dal 1405 fino alla fine del XVIII secolo (mappe 3.122).<\/span><\/li>\n<\/ul>\n<p><span style=\"color: #000000;\">e i seguenti strumenti di consultazione:<\/span><\/p>\n<ul>\n<li><span style=\"color: #000000;\">Repertori dei testamenti, dal 1408 al 1752 (voll. 6);<\/span><\/li>\n<li><span style=\"color: #000000;\">Indice generale dei notai, dal 1416 al 1959 (vol. 1);<\/span><\/li>\n<li><span style=\"color: #000000;\">Inventari, indici, elenchi ed altri strumenti di consultazione, secolo XX, (regg. 165, di cui 133 dattiloscritti e 32 manoscritti).<\/span><\/li>\n<\/ul>\n<\/div>\n<br>\n<p><span style=\"text-decoration: underline;\"><span style=\"color: #000000;\"><b>I dati ed i materiali digitalizzati gi\u00e0 presenti nel DAVr sono in corso di reingegnerizzazione e il portale non \u00e8 pi\u00f9 raggiungibile.<\/b><\/span><\/span><\/p><p><span style=\"text-decoration: underline;\"><span style=\"color: #000000;\"><b><br><\/b><\/span><\/span><\/p>\n<p><span style=\"text-decoration: underline;\"><span style=\"color: #000000;\"><b>I dati indicizzati, parziali, desunti da alcuni degli inventari e gi\u00e0 presenti nel bacino dati del DAVr viene messo a disposizione, al solo fine di agevolare gli utenti nella ricerca, al seguente <a href=\"https:\/\/archiviodistatoverona.cultura.gov.it\/ricercarapida.php\">link<\/a>.<\/b><\/span><\/span><\/p>\n<p><span style=\"text-decoration: underline;\"><span style=\"color: #000000;\"><b>&nbsp;<\/b><\/span><\/span><\/p>\n<p><span style=\"text-decoration: underline;\"><span style=\"color: #000000;\"><b>Alcuni dei materiali digitalizzati sono stati gi\u00e0 riversati e resi disponibili nel nuovo Archivio Digitale dell&#8217;Icar, e sono raggiungibili al seguente <a href=\"https:\/\/archiviodigitale-icar.cultura.gov.it\/it\/183\/istituto\/88\/\">link<\/a>.<\/b><\/span><\/span><\/p>\t\t\t\t\t\t\t\t<\/div>\n\t\t\t\t<\/div>\n\t\t\t\t\t<\/div>\n\t\t<\/div>\n\t\t\t\t\t<\/div>\n\t\t<\/section>\n\t\t\t\t<section class=\"elementor-section elementor-top-section elementor-element elementor-element-6df758e elementor-section-boxed elementor-section-height-default elementor-section-height-default\" data-id=\"6df758e\" data-element_type=\"section\">\n\t\t\t\t\t\t<div class=\"elementor-container elementor-column-gap-default\">\n\t\t\t\t\t<div class=\"elementor-column elementor-col-100 elementor-top-column elementor-element elementor-element-316f858\" data-id=\"316f858\" data-element_type=\"column\">\n\t\t\t<div class=\"elementor-widget-wrap elementor-element-populated\">\n\t\t\t\t\t\t<div class=\"elementor-element elementor-element-d18787f elementor-widget elementor-widget-image\" data-id=\"d18787f\" data-element_type=\"widget\" data-widget_type=\"image.default\">\n\t\t\t\t<div class=\"elementor-widget-container\">\n\t\t\t\t\t\t\t\t\t\t\t\t\t\t\t<img decoding=\"async\" width=\"229\" height=\"87\" src=\"https:\/\/archiviodistatoverona.cultura.gov.it\/wp-content\/uploads\/2022\/07\/download.png\" class=\"elementor-animation-hang attachment-large size-large wp-image-2140\" alt=\"\" \/>\t\t\t\t\t\t\t\t\t\t\t\t\t\t\t<\/div>\n\t\t\t\t<\/div>\n\t\t\t\t\t<\/div>\n\t\t<\/div>\n\t\t\t\t\t<\/div>\n\t\t<\/section>\n\t\t\t\t<\/div>\n\t\t","protected":false},"excerpt":{"rendered":"<p>Guida al patrimonio Sistemi informativi e banche dati \u00a0\u00a0\u00a0\u00a0\u00a0\u00a0 &#8211; S.I.A.S. \u00a0\u00a0\u00a0\u00a0\u00a0\u00a0 &#8211; Archivio Digitale \u00a0\u00a0\u00a0\u00a0\u00a0\u00a0 &#8211; DAVr \u00a0\u00a0\u00a0\u00a0\u00a0\u00a0 &#8211; Ricerca mappe \u00a0\u00a0\u00a0\u00a0\u00a0\u00a0 &#8211; Ricerca testamenti \u00a0\u00a0\u00a0\u00a0\u00a0\u00a0 &#8211; Banca dati [&hellip;]<\/p>\n","protected":false},"author":1,"featured_media":0,"parent":0,"menu_order":0,"comment_status":"closed","ping_status":"closed","template":"","meta":{"ocean_post_layout":"","ocean_both_sidebars_style":"","ocean_both_sidebars_content_width":0,"ocean_both_sidebars_sidebars_width":0,"ocean_sidebar":"0","ocean_second_sidebar":"0","ocean_disable_margins":"enable","ocean_add_body_class":"","ocean_shortcode_before_top_bar":"","ocean_shortcode_after_top_bar":"","ocean_shortcode_before_header":"","ocean_shortcode_after_header":"","ocean_has_shortcode":"","ocean_shortcode_after_title":"","ocean_shortcode_before_footer_widgets":"","ocean_shortcode_after_footer_widgets":"","ocean_shortcode_before_footer_bottom":"","ocean_shortcode_after_footer_bottom":"","ocean_display_top_bar":"default","ocean_display_header":"default","ocean_header_style":"","ocean_center_header_left_menu":"0","ocean_custom_header_template":"0","ocean_custom_logo":0,"ocean_custom_retina_logo":0,"ocean_custom_logo_max_width":0,"ocean_custom_logo_tablet_max_width":0,"ocean_custom_logo_mobile_max_width":0,"ocean_custom_logo_max_height":0,"ocean_custom_logo_tablet_max_height":0,"ocean_custom_logo_mobile_max_height":0,"ocean_header_custom_menu":"0","ocean_menu_typo_font_family":"0","ocean_menu_typo_font_subset":"","ocean_menu_typo_font_size":0,"ocean_menu_typo_font_size_tablet":0,"ocean_menu_typo_font_size_mobile":0,"ocean_menu_typo_font_size_unit":"px","ocean_menu_typo_font_weight":"","ocean_menu_typo_font_weight_tablet":"","ocean_menu_typo_font_weight_mobile":"","ocean_menu_typo_transform":"","ocean_menu_typo_transform_tablet":"","ocean_menu_typo_transform_mobile":"","ocean_menu_typo_line_height":0,"ocean_menu_typo_line_height_tablet":0,"ocean_menu_typo_line_height_mobile":0,"ocean_menu_typo_line_height_unit":"","ocean_menu_typo_spacing":0,"ocean_menu_typo_spacing_tablet":0,"ocean_menu_typo_spacing_mobile":0,"ocean_menu_typo_spacing_unit":"","ocean_menu_link_color":"","ocean_menu_link_color_hover":"","ocean_menu_link_color_active":"","ocean_menu_link_background":"","ocean_menu_link_hover_background":"","ocean_menu_link_active_background":"","ocean_menu_social_links_bg":"","ocean_menu_social_hover_links_bg":"","ocean_menu_social_links_color":"","ocean_menu_social_hover_links_color":"","ocean_disable_title":"default","ocean_disable_heading":"default","ocean_post_title":"","ocean_post_subheading":"","ocean_post_title_style":"","ocean_post_title_background_color":"","ocean_post_title_background":0,"ocean_post_title_bg_image_position":"","ocean_post_title_bg_image_attachment":"","ocean_post_title_bg_image_repeat":"","ocean_post_title_bg_image_size":"","ocean_post_title_height":0,"ocean_post_title_bg_overlay":0.5,"ocean_post_title_bg_overlay_color":"","ocean_disable_breadcrumbs":"default","ocean_breadcrumbs_color":"","ocean_breadcrumbs_separator_color":"","ocean_breadcrumbs_links_color":"","ocean_breadcrumbs_links_hover_color":"","ocean_display_footer_widgets":"default","ocean_display_footer_bottom":"default","ocean_custom_footer_template":"0","footnotes":""},"class_list":["post-57","page","type-page","status-publish","hentry","entry"],"_links":{"self":[{"href":"https:\/\/archiviodistatoverona.cultura.gov.it\/index.php?rest_route=\/wp\/v2\/pages\/57","targetHints":{"allow":["GET"]}}],"collection":[{"href":"https:\/\/archiviodistatoverona.cultura.gov.it\/index.php?rest_route=\/wp\/v2\/pages"}],"about":[{"href":"https:\/\/archiviodistatoverona.cultura.gov.it\/index.php?rest_route=\/wp\/v2\/types\/page"}],"author":[{"embeddable":true,"href":"https:\/\/archiviodistatoverona.cultura.gov.it\/index.php?rest_route=\/wp\/v2\/users\/1"}],"replies":[{"embeddable":true,"href":"https:\/\/archiviodistatoverona.cultura.gov.it\/index.php?rest_route=%2Fwp%2Fv2%2Fcomments&post=57"}],"version-history":[{"count":89,"href":"https:\/\/archiviodistatoverona.cultura.gov.it\/index.php?rest_route=\/wp\/v2\/pages\/57\/revisions"}],"predecessor-version":[{"id":4277,"href":"https:\/\/archiviodistatoverona.cultura.gov.it\/index.php?rest_route=\/wp\/v2\/pages\/57\/revisions\/4277"}],"wp:attachment":[{"href":"https:\/\/archiviodistatoverona.cultura.gov.it\/index.php?rest_route=%2Fwp%2Fv2%2Fmedia&parent=57"}],"curies":[{"name":"wp","href":"https:\/\/api.w.org\/{rel}","templated":true}]}}