{"id":55,"date":"2022-04-15T17:31:08","date_gmt":"2022-04-15T15:31:08","guid":{"rendered":"http:\/\/archiviodistatoverona.cultura.gov.it\/?page_id=55"},"modified":"2024-02-06T13:56:03","modified_gmt":"2024-02-06T12:56:03","slug":"patrimonio-documentario","status":"publish","type":"page","link":"https:\/\/archiviodistatoverona.cultura.gov.it\/?page_id=55","title":{"rendered":"PATRIMONIO DOCUMENTARIO"},"content":{"rendered":"\t\t<div data-elementor-type=\"wp-page\" data-elementor-id=\"55\" class=\"elementor elementor-55\">\n\t\t\t\t\t\t<section class=\"elementor-section elementor-top-section elementor-element elementor-element-2ea9906 elementor-section-boxed elementor-section-height-default elementor-section-height-default\" data-id=\"2ea9906\" data-element_type=\"section\">\n\t\t\t\t\t\t<div class=\"elementor-container elementor-column-gap-default\">\n\t\t\t\t\t<div class=\"elementor-column elementor-col-100 elementor-top-column elementor-element elementor-element-2cd65eb\" data-id=\"2cd65eb\" data-element_type=\"column\">\n\t\t\t<div class=\"elementor-widget-wrap\">\n\t\t\t\t\t\t\t<\/div>\n\t\t<\/div>\n\t\t\t\t\t<\/div>\n\t\t<\/section>\n\t\t\t\t<section class=\"elementor-section elementor-top-section elementor-element elementor-element-a3674fa elementor-section-boxed elementor-section-height-default elementor-section-height-default\" data-id=\"a3674fa\" data-element_type=\"section\">\n\t\t\t\t\t\t<div class=\"elementor-container elementor-column-gap-default\">\n\t\t\t\t\t<div class=\"elementor-column elementor-col-50 elementor-top-column elementor-element elementor-element-bee5bc8 elementor-invisible\" data-id=\"bee5bc8\" data-element_type=\"column\" data-settings=\"{&quot;background_background&quot;:&quot;classic&quot;,&quot;animation&quot;:&quot;fadeInUp&quot;}\">\n\t\t\t<div class=\"elementor-widget-wrap elementor-element-populated\">\n\t\t\t\t\t\t<div class=\"elementor-element elementor-element-cc0adc7 elementor-invisible elementor-widget elementor-widget-text-editor\" data-id=\"cc0adc7\" data-element_type=\"widget\" data-settings=\"{&quot;_animation&quot;:&quot;fadeInUp&quot;}\" data-widget_type=\"text-editor.default\">\n\t\t\t\t<div class=\"elementor-widget-container\">\n\t\t\t\t\t\t\t\t\t<table><tbody><tr><td width=\"500\"><a href=\"https:\/\/archiviodistatoverona.cultura.gov.it\/?page_id=433\" rel=\"noopener\"><strong>Guida al patrimonio<br \/><\/strong><\/a><\/td><\/tr><tr><td width=\"642\"><strong><a href=\"https:\/\/archiviodistatoverona.cultura.gov.it\/?page_id=435\" rel=\"noopener\">Sistemi informativi e banche dati<\/a><br \/><\/strong><\/td><\/tr><tr><td width=\"642\"><strong>\u00a0\u00a0\u00a0\u00a0\u00a0\u00a0 <\/strong><a href=\"https:\/\/archiviodistatoverona.cultura.gov.it\/?page_id=57\" rel=\"noopener\"><strong>&#8211; DA<\/strong><strong>Vr<\/strong><\/a><\/td><\/tr><tr><td width=\"500\">\u00a0<\/td><\/tr><tr><td width=\"500\"><a href=\"https:\/\/archiviodistatoverona.cultura.gov.it\/?page_id=1955\" rel=\"noopener\"><strong>MusALab Dario Fo &#8211; Franca Rame<br \/><\/strong><\/a><\/td><\/tr><\/tbody><\/table>\t\t\t\t\t\t\t\t<\/div>\n\t\t\t\t<\/div>\n\t\t\t\t\t<\/div>\n\t\t<\/div>\n\t\t\t\t<div class=\"elementor-column elementor-col-50 elementor-top-column elementor-element elementor-element-c9cb40c\" data-id=\"c9cb40c\" data-element_type=\"column\">\n\t\t\t<div class=\"elementor-widget-wrap elementor-element-populated\">\n\t\t\t\t\t\t<div class=\"elementor-element elementor-element-db69bf8 elementor-widget elementor-widget-text-editor\" data-id=\"db69bf8\" data-element_type=\"widget\" data-widget_type=\"text-editor.default\">\n\t\t\t\t<div class=\"elementor-widget-container\">\n\t\t\t\t\t\t\t\t\t<p><span style=\"font-size: 14px; color: #000000;\">L\u2019Archivio di Stato di Verona conserva una documentazione di notevole importanza storica che copre un arco temporale di tredici secoli, un ricco patrimonio documentario costituito oltre che da materiale cartaceo anche da decine di migliaia di documenti pergamenacei.<\/span><\/p><p><span style=\"color: #000000; font-size: 14px; letter-spacing: 0px;\">Nell\u2019Archivio si conservano le scritture a carattere politico, giudiziario, amministrativo, prodotte dagli da soggetti pubblici (statali e non) nonch\u00e9 da societ\u00e0, famiglie e persone ed altri soggetti presenti ed operanti nel territorio veronese in oltre mille anni, dal Medioevo fino ai nostri giorni.<\/span><\/p><p><span style=\"color: #000000; font-size: 14px; letter-spacing: 0px;\">Si tratta di documentazione pubblica, che l\u2019Archivio ha ricevuto per disposizione di legge, per versamento da parte di uffici statali, per acquisto, donazione o ad altro titolo.<\/span><\/p><p><span style=\"color: #000000; font-size: 14px; letter-spacing: 0px;\">Occupa pi\u00f9 di 32 chilometri di scaffalatura e si contano circa 80.000 pergamene, circa 100.000 unit\u00e0 archivistiche cartacee, tra faldoni, registri e volumi, oltre 3.100 tra mappe, disegni e lucidi, ed oltre 600 sigilli, che abbracciano un lungo periodo cronologico che va dall\u2019XI al XX secolo.<\/span><\/p><p><span style=\"color: #000000; font-size: 14px; letter-spacing: 0px;\">Il documento originale pi\u00f9 antico \u00e8 una pergamena privata del dicembre del 762, conservata nel fondo Ospitale Civico, quello pi\u00f9 recente risale a circa quarant\u2019anni fa.<\/span><\/p><p><span style=\"color: #000000; font-size: 14px; letter-spacing: 0px;\">Nell\u2019istituto \u00e8 altres\u00ec presente una biblioteca.<\/span><\/p>\t\t\t\t\t\t\t\t<\/div>\n\t\t\t\t<\/div>\n\t\t\t\t\t<\/div>\n\t\t<\/div>\n\t\t\t\t\t<\/div>\n\t\t<\/section>\n\t\t\t\t<section class=\"elementor-section elementor-top-section elementor-element elementor-element-ab39b66 elementor-section-boxed elementor-section-height-default elementor-section-height-default\" data-id=\"ab39b66\" data-element_type=\"section\">\n\t\t\t\t\t\t<div class=\"elementor-container elementor-column-gap-default\">\n\t\t\t\t\t<div class=\"elementor-column elementor-col-100 elementor-top-column elementor-element elementor-element-7235664\" data-id=\"7235664\" data-element_type=\"column\">\n\t\t\t<div class=\"elementor-widget-wrap elementor-element-populated\">\n\t\t\t\t\t\t<div class=\"elementor-element elementor-element-976624f elementor-widget elementor-widget-image\" data-id=\"976624f\" data-element_type=\"widget\" data-widget_type=\"image.default\">\n\t\t\t\t<div class=\"elementor-widget-container\">\n\t\t\t\t\t\t\t\t\t\t\t\t\t\t\t<img fetchpriority=\"high\" decoding=\"async\" width=\"1024\" height=\"683\" src=\"https:\/\/archiviodistatoverona.cultura.gov.it\/wp-content\/uploads\/2022\/07\/DSC_0310-1024x683.jpg\" class=\"elementor-animation-hang attachment-large size-large wp-image-2127\" alt=\"\" srcset=\"https:\/\/archiviodistatoverona.cultura.gov.it\/wp-content\/uploads\/2022\/07\/DSC_0310-1024x683.jpg 1024w, https:\/\/archiviodistatoverona.cultura.gov.it\/wp-content\/uploads\/2022\/07\/DSC_0310-300x200.jpg 300w, https:\/\/archiviodistatoverona.cultura.gov.it\/wp-content\/uploads\/2022\/07\/DSC_0310-768x512.jpg 768w, https:\/\/archiviodistatoverona.cultura.gov.it\/wp-content\/uploads\/2022\/07\/DSC_0310-1536x1024.jpg 1536w, https:\/\/archiviodistatoverona.cultura.gov.it\/wp-content\/uploads\/2022\/07\/DSC_0310-2048x1365.jpg 2048w\" sizes=\"(max-width: 1024px) 100vw, 1024px\" \/>\t\t\t\t\t\t\t\t\t\t\t\t\t\t\t<\/div>\n\t\t\t\t<\/div>\n\t\t\t\t\t<\/div>\n\t\t<\/div>\n\t\t\t\t\t<\/div>\n\t\t<\/section>\n\t\t\t\t<\/div>\n\t\t","protected":false},"excerpt":{"rendered":"<p>Guida al patrimonio Sistemi informativi e banche dati \u00a0\u00a0\u00a0\u00a0\u00a0\u00a0 &#8211; DAVr \u00a0 MusALab Dario Fo &#8211; Franca Rame L\u2019Archivio di Stato di Verona conserva una documentazione di notevole importanza storica [&hellip;]<\/p>\n","protected":false},"author":1,"featured_media":0,"parent":0,"menu_order":0,"comment_status":"closed","ping_status":"closed","template":"","meta":{"ocean_post_layout":"","ocean_both_sidebars_style":"","ocean_both_sidebars_content_width":0,"ocean_both_sidebars_sidebars_width":0,"ocean_sidebar":"0","ocean_second_sidebar":"0","ocean_disable_margins":"enable","ocean_add_body_class":"","ocean_shortcode_before_top_bar":"","ocean_shortcode_after_top_bar":"","ocean_shortcode_before_header":"","ocean_shortcode_after_header":"","ocean_has_shortcode":"","ocean_shortcode_after_title":"","ocean_shortcode_before_footer_widgets":"","ocean_shortcode_after_footer_widgets":"","ocean_shortcode_before_footer_bottom":"","ocean_shortcode_after_footer_bottom":"","ocean_display_top_bar":"default","ocean_display_header":"default","ocean_header_style":"","ocean_center_header_left_menu":"0","ocean_custom_header_template":"0","ocean_custom_logo":0,"ocean_custom_retina_logo":0,"ocean_custom_logo_max_width":0,"ocean_custom_logo_tablet_max_width":0,"ocean_custom_logo_mobile_max_width":0,"ocean_custom_logo_max_height":0,"ocean_custom_logo_tablet_max_height":0,"ocean_custom_logo_mobile_max_height":0,"ocean_header_custom_menu":"0","ocean_menu_typo_font_family":"0","ocean_menu_typo_font_subset":"","ocean_menu_typo_font_size":0,"ocean_menu_typo_font_size_tablet":0,"ocean_menu_typo_font_size_mobile":0,"ocean_menu_typo_font_size_unit":"px","ocean_menu_typo_font_weight":"","ocean_menu_typo_font_weight_tablet":"","ocean_menu_typo_font_weight_mobile":"","ocean_menu_typo_transform":"","ocean_menu_typo_transform_tablet":"","ocean_menu_typo_transform_mobile":"","ocean_menu_typo_line_height":0,"ocean_menu_typo_line_height_tablet":0,"ocean_menu_typo_line_height_mobile":0,"ocean_menu_typo_line_height_unit":"","ocean_menu_typo_spacing":0,"ocean_menu_typo_spacing_tablet":0,"ocean_menu_typo_spacing_mobile":0,"ocean_menu_typo_spacing_unit":"","ocean_menu_link_color":"","ocean_menu_link_color_hover":"","ocean_menu_link_color_active":"","ocean_menu_link_background":"","ocean_menu_link_hover_background":"","ocean_menu_link_active_background":"","ocean_menu_social_links_bg":"","ocean_menu_social_hover_links_bg":"","ocean_menu_social_links_color":"","ocean_menu_social_hover_links_color":"","ocean_disable_title":"default","ocean_disable_heading":"default","ocean_post_title":"","ocean_post_subheading":"","ocean_post_title_style":"","ocean_post_title_background_color":"","ocean_post_title_background":0,"ocean_post_title_bg_image_position":"","ocean_post_title_bg_image_attachment":"","ocean_post_title_bg_image_repeat":"","ocean_post_title_bg_image_size":"","ocean_post_title_height":0,"ocean_post_title_bg_overlay":0.5,"ocean_post_title_bg_overlay_color":"","ocean_disable_breadcrumbs":"default","ocean_breadcrumbs_color":"","ocean_breadcrumbs_separator_color":"","ocean_breadcrumbs_links_color":"","ocean_breadcrumbs_links_hover_color":"","ocean_display_footer_widgets":"default","ocean_display_footer_bottom":"default","ocean_custom_footer_template":"0","footnotes":""},"class_list":["post-55","page","type-page","status-publish","hentry","entry"],"_links":{"self":[{"href":"https:\/\/archiviodistatoverona.cultura.gov.it\/index.php?rest_route=\/wp\/v2\/pages\/55","targetHints":{"allow":["GET"]}}],"collection":[{"href":"https:\/\/archiviodistatoverona.cultura.gov.it\/index.php?rest_route=\/wp\/v2\/pages"}],"about":[{"href":"https:\/\/archiviodistatoverona.cultura.gov.it\/index.php?rest_route=\/wp\/v2\/types\/page"}],"author":[{"embeddable":true,"href":"https:\/\/archiviodistatoverona.cultura.gov.it\/index.php?rest_route=\/wp\/v2\/users\/1"}],"replies":[{"embeddable":true,"href":"https:\/\/archiviodistatoverona.cultura.gov.it\/index.php?rest_route=%2Fwp%2Fv2%2Fcomments&post=55"}],"version-history":[{"count":55,"href":"https:\/\/archiviodistatoverona.cultura.gov.it\/index.php?rest_route=\/wp\/v2\/pages\/55\/revisions"}],"predecessor-version":[{"id":3715,"href":"https:\/\/archiviodistatoverona.cultura.gov.it\/index.php?rest_route=\/wp\/v2\/pages\/55\/revisions\/3715"}],"wp:attachment":[{"href":"https:\/\/archiviodistatoverona.cultura.gov.it\/index.php?rest_route=%2Fwp%2Fv2%2Fmedia&parent=55"}],"curies":[{"name":"wp","href":"https:\/\/api.w.org\/{rel}","templated":true}]}}