{"id":49,"date":"2022-04-15T17:30:20","date_gmt":"2022-04-15T15:30:20","guid":{"rendered":"http:\/\/archiviodistatoverona.cultura.gov.it\/?page_id=49"},"modified":"2024-04-09T13:15:59","modified_gmt":"2024-04-09T11:15:59","slug":"fotoriproduzione","status":"publish","type":"page","link":"https:\/\/archiviodistatoverona.cultura.gov.it\/?page_id=49","title":{"rendered":"Fotoriproduzione"},"content":{"rendered":"\t\t<div data-elementor-type=\"wp-page\" data-elementor-id=\"49\" class=\"elementor elementor-49\">\n\t\t\t\t\t\t<section class=\"elementor-section elementor-top-section elementor-element elementor-element-188812d elementor-section-boxed elementor-section-height-default elementor-section-height-default\" data-id=\"188812d\" data-element_type=\"section\">\n\t\t\t\t\t\t<div class=\"elementor-container elementor-column-gap-default\">\n\t\t\t\t\t<div class=\"elementor-column elementor-col-33 elementor-top-column elementor-element elementor-element-87be02e\" data-id=\"87be02e\" data-element_type=\"column\">\n\t\t\t<div class=\"elementor-widget-wrap elementor-element-populated\">\n\t\t\t\t\t\t<div class=\"elementor-element elementor-element-6fc4348 elementor-invisible elementor-widget elementor-widget-text-editor\" data-id=\"6fc4348\" data-element_type=\"widget\" data-settings=\"{&quot;_animation&quot;:&quot;fadeInUp&quot;}\" data-widget_type=\"text-editor.default\">\n\t\t\t\t<div class=\"elementor-widget-container\">\n\t\t\t\t\t\t\t\t\t<table>\n<tbody>\n<tr>\n<td width=\"500\"><a href=\"https:\/\/archiviodistatoverona.cultura.gov.it\/?page_id=47\" target=\"_blank\" rel=\"noopener\"><strong>Sala studio<\/strong><\/a><\/td>\n<\/tr>\n<tr>\n<td width=\"500\"><strong>\u00a0\u00a0\u00a0\u00a0\u00a0\u00a0 <\/strong><a href=\"https:\/\/archiviodistatoverona.cultura.gov.it\/?page_id=1124\" rel=\"noopener\"><strong>&#8211; Prenotazione unit\u00e0<\/strong><\/a><\/td>\n<\/tr>\n<tr>\n<td width=\"642\"><a href=\"https:\/\/archiviodistatoverona.cultura.gov.it\/?page_id=51\" rel=\"noopener\"><strong>Biblioteca<\/strong><\/a><\/td>\n<\/tr>\n<tr>\n<td width=\"642\"><a href=\"https:\/\/archiviodistatoverona.cultura.gov.it\/?page_id=49\" target=\"_blank\" rel=\"noopener\"><strong>Fotoriproduzione<\/strong><\/a><\/td>\n<\/tr>\n<tr>\n<td width=\"500\"><a href=\"https:\/\/archiviodistatoverona.cultura.gov.it\/?page_id=53\" target=\"_blank\" rel=\"noopener\"><strong>Ricerche per corrispondenza<\/strong><\/a><\/td>\n<\/tr>\n<tr>\n<td width=\"500\"><a href=\"https:\/\/archiviodistatoverona.cultura.gov.it\/?page_id=544\" target=\"_blank\" rel=\"noopener\"><strong>PagoPA<\/strong><\/a><\/td>\n<\/tr>\n<tr>\n<td width=\"500\"><a href=\"https:\/\/archiviodistatoverona.cultura.gov.it\/?page_id=538\" target=\"_blank\" rel=\"noopener\"><strong>Autorizzazione a pubblicare<\/strong><\/a><\/td>\n<\/tr>\n<\/tbody>\n<\/table>\t\t\t\t\t\t\t\t<\/div>\n\t\t\t\t<\/div>\n\t\t\t\t\t<\/div>\n\t\t<\/div>\n\t\t\t\t<div class=\"elementor-column elementor-col-66 elementor-top-column elementor-element elementor-element-2516f37\" data-id=\"2516f37\" data-element_type=\"column\">\n\t\t\t<div class=\"elementor-widget-wrap elementor-element-populated\">\n\t\t\t\t\t\t<div class=\"elementor-element elementor-element-288b5a3 elementor-widget elementor-widget-text-editor\" data-id=\"288b5a3\" data-element_type=\"widget\" data-widget_type=\"text-editor.default\">\n\t\t\t\t<div class=\"elementor-widget-container\">\n\t\t\t\t\t\t\t\t\t<p style=\"text-align: left;\" align=\"justify\"><span style=\"color: #000000;\">Dal 29 agosto 2017 (L. 4 agosto 2017, n. 124, art. 1, c. 171 che ha modificato l&#8217;art. 108 del D. Lgs. 42\/2004) sono cambiate le procedure per la fotoriproduzione dei documenti (circolari n. <a href=\"https:\/\/archiviodistatoverona.cultura.gov.it\/wp-content\/uploads\/2022\/07\/Circolare_33-2017-Riproduzione_documenti.pdf\"><b>33\/2017<\/b><\/a>\u00a0e n.\u00a0<a href=\"https:\/\/archiviodistatoverona.cultura.gov.it\/wp-content\/uploads\/2022\/07\/circ_39_2017.pdf\"><b>39\/2017<\/b><\/a> della Direzione Generale Archivi).<\/span><\/p><p style=\"text-align: left;\" align=\"justify\"><span style=\"color: #000000;\">\u00a0<\/span><\/p><p style=\"text-align: left;\" align=\"justify\"><span style=\"color: #000000;\"><b><i>Fotoriproduzione diretta da parte degli utenti con mezzi propri\u00a0<\/i><\/b><\/span><\/p><p style=\"text-align: left;\" align=\"justify\"><span style=\"color: #000000;\">E&#8217; libera l&#8217;attivit\u00e0 di fotoriproduzione diretta da parte dell&#8217;utente, svolta senza scopo di lucro, per finalit\u00e0 di studio, ricerca, libera manifestazione del pensiero o espressione creativa, promozione della conoscenza del patrimonio culturale.\u00a0<\/span><\/p><p style=\"text-align: left;\" align=\"justify\"><span style=\"color: #000000;\">Si richiede solamente la compilazione del <a href=\"https:\/\/archiviodistatoverona.cultura.gov.it\/wp-content\/uploads\/2023\/07\/Modulo-riproduzioni-con-mezzi-propri_2023.pdf\">modulo<\/a> apposito.<\/span><\/p><p style=\"text-align: left;\" align=\"justify\"><span style=\"color: #000000;\">L&#8217;utente non potr\u00e0 utilizzare scanner, flash, n\u00e9 cavalletti e dovr\u00e0 attenersi alle <a href=\"https:\/\/archiviodistatoverona.cultura.gov.it\/wp-content\/uploads\/2022\/07\/Norme_20180718-1.pdf\"><b><i>Norme di tutela per la riproduzione del patrimonio archivistico e librario dell&#8217;Archivio di Stato di Verona<\/i><\/b><\/a>.<\/span><\/p><p style=\"text-align: left;\" align=\"justify\"><span style=\"color: #000000;\">Si avverte che i documenti gi\u00e0 digitalizzati sono esclusi da questa modalit\u00e0 di fotoriproduzione e dovranno essere acquistati secondo il tariffario ministeriale.<\/span><\/p><p style=\"text-align: left;\" align=\"justify\"><span style=\"color: #000000;\">La riproduzione di parte rilevante o integrale di un fondo o di una serie archivistica dovr\u00e0 essere autorizzata.<\/span><\/p><p style=\"text-align: left;\" align=\"justify\"><span style=\"color: #000000;\">\u00a0<\/span><\/p><p style=\"text-align: left;\" align=\"justify\"><span style=\"color: #000000;\"><b><i>Fotoriproduzioni eseguite da fotografi professionisti incaricati dall&#8217;utente<\/i><\/b><\/span><\/p><p style=\"text-align: left;\" align=\"justify\"><span style=\"color: #000000;\">Previa autorizzazione della Direzione d&#8217;Istituto, \u00e8 possibile fare eseguire fotoriproduzioni di documenti da fotografi professionisti. In tal caso l&#8217;utente dovr\u00e0 concordare un appuntamento, con il personale addetto alla Sala Studio, sulla base della disponibilit\u00e0 di ambienti idonei.<\/span><\/p><p style=\"text-align: left;\" align=\"justify\"><span style=\"color: #000000;\">Sar\u00e0 cura dello studioso contattare personalmente il fotografo prescelto, a cui comunicher\u00e0 il giorno e l\u2019orario dell\u2019appuntamento, e ordinare tempestivamente i documenti, controllando che siano effettivamente disponibili.<\/span><\/p><p style=\"text-align: left;\" align=\"justify\"><span style=\"color: #000000;\">\u00a0<\/span><\/p><p style=\"text-align: left;\" align=\"justify\"><span style=\"color: #000000;\"><b><i>File digitali rilasciati dall&#8217;archivio<\/i><\/b><\/span><\/p><p><span style=\"color: #000000;\">Per le serie documentarie\u00a0<strong>gi\u00e0 riprodotte<\/strong>\u00a0<strong>in digitale,\u00a0<\/strong>per motivi conservativi, non si prevede l\u2019ulteriore riproduzione. Di questi possono essere rilasciate a pagamento copie nello stesso formato, richiedibili mediante apposito <strong><a href=\"https:\/\/archiviodistatoverona.cultura.gov.it\/wp-content\/uploads\/2022\/07\/modulo_riproduzioni-pagamento.pdf\">modulo<\/a><\/strong>.<\/span><\/p><p><span style=\"color: #000000;\">Il rilascio, se non finalizzato alla pubblicazione, non \u00e8 soggetto ad oneri di concessione, ma soltanto al pagamento della tariffa per il servizio. Il\u00a0<\/span><a href=\"https:\/\/archiviodistatoverona.cultura.gov.it\/wp-content\/uploads\/2024\/04\/Tariffario_ASVr2024.pdf\" target=\"_blank\" rel=\"noopener\">tariffario\u00a0<\/a><span style=\"color: #000000;\">dei prodotti fotografici e digitali \u00e8 stato definito in base alle linee guida del Decreto ministeriale 11 aprile 2023, n. 161 ed aggiornato ai sensi del D.M. 108 21 marzo 2024.<\/span><\/p><div><span style=\"color: #000000;\">Tutti i pagamenti dovranno avvenire esclusivamente mediante applicativo <a href=\"https:\/\/archiviodistatoverona.cultura.gov.it\/?page_id=544\">PagoPA<\/a>.<\/span><\/div><p>\u00a0<\/p><p><span style=\"color: #000000;\">In caso di pubblicazione delle riproduzioni, comunque acquisite, sar\u00e0 necessario richiedere la concessione, salvi i casi di esonero. Si rinvia alla <a href=\"https:\/\/archiviodistatoverona.cultura.gov.it\/?page_id=538\">sezione <\/a>apposita del sito per ulteriori informazioni.<\/span><\/p><div><span style=\"color: #000000;\">\u00a0<\/span><\/div><p style=\"text-align: left;\" align=\"justify\"><span style=\"color: #000000;\"><strong><i>Copie autentiche ad uso amministrativo<\/i><\/strong><\/span><\/p><p style=\"text-align: left;\" align=\"justify\"><span style=\"color: #000000;\">Le richieste di copie\u00a0<strong>uso amministrativo<\/strong>, da richiedersi con apposito<strong><a href=\"https:\/\/archiviodistatoverona.cultura.gov.it\/wp-content\/uploads\/2022\/07\/modulo_copie-autentiche.pdf\"> modulo<\/a>,<\/strong>\u00a0i relativi rilasci sono soggetti all&#8217;assolvimento dell&#8217;imposta di bollo, tramite la consegna delle corrispondenti marche, salve le esenzioni di legge applicabili su richiesta.<\/span><\/p><p style=\"text-align: left;\" align=\"justify\"><span style=\"color: #000000;\">La copia sar\u00e0 dichiarata conforme all\u2019originale posseduto.<\/span><\/p>\t\t\t\t\t\t\t\t<\/div>\n\t\t\t\t<\/div>\n\t\t\t\t\t<\/div>\n\t\t<\/div>\n\t\t\t\t\t<\/div>\n\t\t<\/section>\n\t\t\t\t<\/div>\n\t\t","protected":false},"excerpt":{"rendered":"<p>Sala studio \u00a0\u00a0\u00a0\u00a0\u00a0\u00a0 &#8211; Prenotazione unit\u00e0 Biblioteca Fotoriproduzione Ricerche per corrispondenza PagoPA Autorizzazione a pubblicare Dal 29 agosto 2017 (L. 4 agosto 2017, n. 124, art. 1, c. 171 che [&hellip;]<\/p>\n","protected":false},"author":1,"featured_media":0,"parent":0,"menu_order":0,"comment_status":"closed","ping_status":"closed","template":"","meta":{"ocean_post_layout":"","ocean_both_sidebars_style":"","ocean_both_sidebars_content_width":0,"ocean_both_sidebars_sidebars_width":0,"ocean_sidebar":"0","ocean_second_sidebar":"0","ocean_disable_margins":"enable","ocean_add_body_class":"","ocean_shortcode_before_top_bar":"","ocean_shortcode_after_top_bar":"","ocean_shortcode_before_header":"","ocean_shortcode_after_header":"","ocean_has_shortcode":"","ocean_shortcode_after_title":"","ocean_shortcode_before_footer_widgets":"","ocean_shortcode_after_footer_widgets":"","ocean_shortcode_before_footer_bottom":"","ocean_shortcode_after_footer_bottom":"","ocean_display_top_bar":"default","ocean_display_header":"default","ocean_header_style":"","ocean_center_header_left_menu":"0","ocean_custom_header_template":"0","ocean_custom_logo":0,"ocean_custom_retina_logo":0,"ocean_custom_logo_max_width":0,"ocean_custom_logo_tablet_max_width":0,"ocean_custom_logo_mobile_max_width":0,"ocean_custom_logo_max_height":0,"ocean_custom_logo_tablet_max_height":0,"ocean_custom_logo_mobile_max_height":0,"ocean_header_custom_menu":"0","ocean_menu_typo_font_family":"0","ocean_menu_typo_font_subset":"","ocean_menu_typo_font_size":0,"ocean_menu_typo_font_size_tablet":0,"ocean_menu_typo_font_size_mobile":0,"ocean_menu_typo_font_size_unit":"px","ocean_menu_typo_font_weight":"","ocean_menu_typo_font_weight_tablet":"","ocean_menu_typo_font_weight_mobile":"","ocean_menu_typo_transform":"","ocean_menu_typo_transform_tablet":"","ocean_menu_typo_transform_mobile":"","ocean_menu_typo_line_height":0,"ocean_menu_typo_line_height_tablet":0,"ocean_menu_typo_line_height_mobile":0,"ocean_menu_typo_line_height_unit":"","ocean_menu_typo_spacing":0,"ocean_menu_typo_spacing_tablet":0,"ocean_menu_typo_spacing_mobile":0,"ocean_menu_typo_spacing_unit":"","ocean_menu_link_color":"","ocean_menu_link_color_hover":"","ocean_menu_link_color_active":"","ocean_menu_link_background":"","ocean_menu_link_hover_background":"","ocean_menu_link_active_background":"","ocean_menu_social_links_bg":"","ocean_menu_social_hover_links_bg":"","ocean_menu_social_links_color":"","ocean_menu_social_hover_links_color":"","ocean_disable_title":"default","ocean_disable_heading":"default","ocean_post_title":"","ocean_post_subheading":"","ocean_post_title_style":"","ocean_post_title_background_color":"","ocean_post_title_background":0,"ocean_post_title_bg_image_position":"","ocean_post_title_bg_image_attachment":"","ocean_post_title_bg_image_repeat":"","ocean_post_title_bg_image_size":"","ocean_post_title_height":0,"ocean_post_title_bg_overlay":0.5,"ocean_post_title_bg_overlay_color":"","ocean_disable_breadcrumbs":"default","ocean_breadcrumbs_color":"","ocean_breadcrumbs_separator_color":"","ocean_breadcrumbs_links_color":"","ocean_breadcrumbs_links_hover_color":"","ocean_display_footer_widgets":"default","ocean_display_footer_bottom":"default","ocean_custom_footer_template":"0","footnotes":""},"class_list":["post-49","page","type-page","status-publish","hentry","entry"],"_links":{"self":[{"href":"https:\/\/archiviodistatoverona.cultura.gov.it\/index.php?rest_route=\/wp\/v2\/pages\/49","targetHints":{"allow":["GET"]}}],"collection":[{"href":"https:\/\/archiviodistatoverona.cultura.gov.it\/index.php?rest_route=\/wp\/v2\/pages"}],"about":[{"href":"https:\/\/archiviodistatoverona.cultura.gov.it\/index.php?rest_route=\/wp\/v2\/types\/page"}],"author":[{"embeddable":true,"href":"https:\/\/archiviodistatoverona.cultura.gov.it\/index.php?rest_route=\/wp\/v2\/users\/1"}],"replies":[{"embeddable":true,"href":"https:\/\/archiviodistatoverona.cultura.gov.it\/index.php?rest_route=%2Fwp%2Fv2%2Fcomments&post=49"}],"version-history":[{"count":82,"href":"https:\/\/archiviodistatoverona.cultura.gov.it\/index.php?rest_route=\/wp\/v2\/pages\/49\/revisions"}],"predecessor-version":[{"id":3747,"href":"https:\/\/archiviodistatoverona.cultura.gov.it\/index.php?rest_route=\/wp\/v2\/pages\/49\/revisions\/3747"}],"wp:attachment":[{"href":"https:\/\/archiviodistatoverona.cultura.gov.it\/index.php?rest_route=%2Fwp%2Fv2%2Fmedia&parent=49"}],"curies":[{"name":"wp","href":"https:\/\/api.w.org\/{rel}","templated":true}]}}