{"id":47,"date":"2022-04-15T17:30:05","date_gmt":"2022-04-15T15:30:05","guid":{"rendered":"http:\/\/archiviodistatoverona.cultura.gov.it\/?page_id=47"},"modified":"2023-01-28T10:59:04","modified_gmt":"2023-01-28T09:59:04","slug":"sala-studio","status":"publish","type":"page","link":"https:\/\/archiviodistatoverona.cultura.gov.it\/?page_id=47","title":{"rendered":"Sala studio"},"content":{"rendered":"\t\t<div data-elementor-type=\"wp-page\" data-elementor-id=\"47\" class=\"elementor elementor-47\">\n\t\t\t\t\t\t<section class=\"elementor-section elementor-top-section elementor-element elementor-element-14eeb53 elementor-section-boxed elementor-section-height-default elementor-section-height-default\" data-id=\"14eeb53\" data-element_type=\"section\">\n\t\t\t\t\t\t<div class=\"elementor-container elementor-column-gap-default\">\n\t\t\t\t\t<div class=\"elementor-column elementor-col-33 elementor-top-column elementor-element elementor-element-100c617\" data-id=\"100c617\" data-element_type=\"column\">\n\t\t\t<div class=\"elementor-widget-wrap elementor-element-populated\">\n\t\t\t\t\t\t<div class=\"elementor-element elementor-element-61156e3 elementor-invisible elementor-widget elementor-widget-text-editor\" data-id=\"61156e3\" data-element_type=\"widget\" data-settings=\"{&quot;_animation&quot;:&quot;fadeInUp&quot;}\" data-widget_type=\"text-editor.default\">\n\t\t\t\t<div class=\"elementor-widget-container\">\n\t\t\t\t\t\t\t\t\t<table>\n<tbody>\n<tr>\n<td width=\"500\"><a href=\"https:\/\/archiviodistatoverona.cultura.gov.it\/?page_id=47\" target=\"_blank\" rel=\"noopener\"><strong>Sala studio<\/strong><\/a><\/td>\n<\/tr>\n<tr>\n<td width=\"500\"><strong>\u00a0\u00a0\u00a0\u00a0\u00a0\u00a0 <\/strong><a href=\"https:\/\/archiviodistatoverona.cultura.gov.it\/?page_id=1124\" rel=\"noopener\"><strong>&#8211; Prenotazione unit\u00e0<\/strong><\/a><\/td>\n<\/tr>\n<tr>\n<td width=\"642\"><a href=\"https:\/\/archiviodistatoverona.cultura.gov.it\/?page_id=51\" rel=\"noopener\"><strong>Biblioteca<\/strong><\/a><\/td>\n<\/tr>\n<tr>\n<td width=\"642\"><a href=\"https:\/\/archiviodistatoverona.cultura.gov.it\/?page_id=49\" target=\"_blank\" rel=\"noopener\"><strong>Fotoriproduzione<\/strong><\/a><\/td>\n<\/tr>\n<tr>\n<td width=\"500\"><a href=\"https:\/\/archiviodistatoverona.cultura.gov.it\/?page_id=53\" target=\"_blank\" rel=\"noopener\"><strong>Ricerche per corrispondenza<\/strong><\/a><\/td>\n<\/tr>\n<tr>\n<td width=\"500\"><a href=\"https:\/\/archiviodistatoverona.cultura.gov.it\/?page_id=544\" target=\"_blank\" rel=\"noopener\"><strong>PagoPA<\/strong><\/a><\/td>\n<\/tr>\n<tr>\n<td width=\"500\"><a href=\"https:\/\/archiviodistatoverona.cultura.gov.it\/?page_id=538\" target=\"_blank\" rel=\"noopener\"><strong>Autorizzazione a pubblicare<\/strong><\/a><\/td>\n<\/tr>\n<\/tbody>\n<\/table>\t\t\t\t\t\t\t\t<\/div>\n\t\t\t\t<\/div>\n\t\t\t\t\t<\/div>\n\t\t<\/div>\n\t\t\t\t<div class=\"elementor-column elementor-col-66 elementor-top-column elementor-element elementor-element-9a32a15\" data-id=\"9a32a15\" data-element_type=\"column\">\n\t\t\t<div class=\"elementor-widget-wrap elementor-element-populated\">\n\t\t\t\t\t\t<div class=\"elementor-element elementor-element-c5068b3 elementor-widget elementor-widget-text-editor\" data-id=\"c5068b3\" data-element_type=\"widget\" data-widget_type=\"text-editor.default\">\n\t\t\t\t<div class=\"elementor-widget-container\">\n\t\t\t\t\t\t\t\t\t<p><span style=\"color: #000000;\">La Sala Studio, \u00e8 ubicata al primo piano, ed \u00e8 aperta\u00a0negli orari di apertura dell\u2019istituto al pubblico.<\/span><\/p><p><span style=\"color: #000000;\">Per poter accedere alla sala studio, \u00e8 necessario compilare e trasmettere all\u2019istituto la <a href=\"https:\/\/archiviodistatoverona.cultura.gov.it\/wp-content\/uploads\/2022\/07\/Modulo_Domanda-ammissione-sala-studio_2022.pdf\"><b>domanda annuale di ammissione<\/b><\/a>.<\/span><\/p><p><span style=\"color: #000000;\">L\u2019accesso alla Sala Studio \u00e8 libero.<\/span><\/p><p><span style=\"color: #000000;\">La richiesta delle unit\u00e0 archivistiche avviene:<\/span><\/p><p><span style=\"color: #000000;\">&#8211; in via anticipata a mezzo del form online di <a href=\"https:\/\/archiviodistatoverona.cultura.gov.it\/?page_id=1124\"><b>Prenotazione unit\u00e0 archivistiche<\/b><\/a>,\u00a0<\/span><span style=\"font-family: Roboto, sans-serif; font-size: 14px; font-style: normal; font-variant-ligatures: normal; font-variant-caps: normal; font-weight: 400; letter-spacing: 0px; color: #000000;\">\u00a0oppure tramite il\u00a0<\/span><a href=\"https:\/\/archiviodistatoverona.cultura.gov.it\/wp-content\/uploads\/2022\/12\/Modulo-di-pronatazione-unita_dicembre-2022.pdf\"><span style=\"font-size: 14px; font-weight: bold;\">modulo<\/span><\/a>\u00a0<span style=\"color: #000000;\">da\u00a0 consegnare in Sala Studio o da trasmettere<span style=\"font-family: Roboto, sans-serif; font-size: 14px; font-style: normal; font-variant-ligatures: normal; font-variant-caps: normal; font-weight: 400; letter-spacing: 0px;\">\u00a0<\/span><span style=\"font-family: Roboto, sans-serif; font-size: 14px; font-style: normal; font-variant-ligatures: normal; font-variant-caps: normal; font-weight: 400; letter-spacing: 0px;\">all\u2019indirizzo e-mail\u00a0<\/span><a style=\"font-family: Roboto, sans-serif; font-size: 14px; font-style: normal; font-variant-ligatures: normal; font-variant-caps: normal; letter-spacing: 0px; background-color: #ffffff; color: #000000;\" href=\"mailto:as-vr.salastudio@cultura.gov.it\"><b>as-vr.salastudio@cultura.gov.it<\/b><\/a>,\u00a0 almeno entro le ore 9:00 del giorno antecedente; l<\/span><span style=\"color: #000000; font-family: Roboto, sans-serif; font-size: 14px; font-style: normal; font-variant-ligatures: normal; font-variant-caps: normal; font-weight: 400; letter-spacing: 0px;\">a prenotazione si intende confermata, salvo diversa comunicazione agli indirizzi di contatto forniti<\/span><span style=\"font-size: 14px; color: var( --e-global-color-text ); letter-spacing: 0px;\">;<\/span><\/p><p><span style=\"font-size: 14px; letter-spacing: 0px; color: #000000;\">&#8211; direttamente in Sala Studio, tramite l&#8217;apposito modello reso disponibile,\u00a0<\/span><span style=\"font-size: 14px; letter-spacing: 0px; color: #000000;\">da consegnare al personale, che provveder\u00e0 al prelievo entro 15 minuti.<\/span><\/p><p><span style=\"color: #000000;\">Il numero di pezzi consultabili in una singola giornata \u00e8 attualmente fissato a n. 5 unit\u00e0 archivistiche; nel caso di prenotazione con modalit\u00e0 anticipata, il numero di pezzi \u00e8 elevato a 7.<\/span><\/p><p><span style=\"text-decoration: underline;\"><span style=\"color: #000000; font-family: 'Open Sans', sans-serif; font-size: 14px; font-style: normal; font-variant-ligatures: normal; font-variant-caps: normal; font-weight: 400; text-decoration: underline;\">Per le sole giornate di<\/span><span style=\"font-variant-ligatures: normal; font-variant-caps: normal; font-family: 'Open Sans', sans-serif; font-size: 14px; font-style: normal; font-weight: 600; color: #000000; text-decoration: underline;\">\u00a0sabato<\/span><span style=\"color: #000000; font-family: 'Open Sans', sans-serif; font-size: 14px; font-style: normal; font-variant-ligatures: normal; font-variant-caps: normal; font-weight: 400; text-decoration: underline;\">\u00a0la richiesta di consultazione delle unit\u00e0 archivistiche rimane esclusivamente su prenotazione, da effettuarsi entro 24 ore prima (entro le ore 9 del giorno prima).<\/span><\/span><span style=\"color: #000000;\"><br \/><\/span><\/p><p><span style=\"color: #000000; font-family: Roboto, sans-serif; font-size: 14px; font-style: normal; font-variant-ligatures: normal; font-variant-caps: normal; font-weight: 400;\">La Sala Studio \u00e8 dotata di una rete internet wi-fi ad accesso gratuito, previa richiesta della password al personale.<\/span><span style=\"color: #000000;\"><br \/><\/span><\/p><p><span style=\"color: #000000;\">I documenti conservati in Archivio di Stato sono liberamente consultabili ad eccezione di quelli che la legge individua come riservati. Il Codice dei Beni culturali (capo III, artt. 122-127) li descrive e disciplina pure le modalit\u00e0 per richiedere l\u2019autorizzazione alla loro consultazione. Il decreto di autorizzazione viene emanato dal Ministero dell\u2019Interno, Ispettorato generale per i servizi archivistici, sentiti i pareri del direttore dell\u2019Archivio di Stato e del Commissariato di Governo.<\/span><\/p><p><span style=\"color: #000000;\">Riguardo all\u2019uso di dati personali e di altre informazioni riservate contenute nella documentazione archivistica, si fa riferimento alle\u00a0<a href=\"https:\/\/www.gazzettaufficiale.it\/eli\/id\/2019\/01\/15\/19A00178\/sg\"><em>Regole deontologiche per il trattamento a fini di archiviazione nel pubblico interesse o per scopi di ricerca storica<\/em> pubblicate ai sensi dell\u2019art. 20, comma 4, del d.lgs. 10 agosto 2018, n. 101\u00a0\u2013 19 dicembre 2018<\/a>, emanate dal Garante per la\u00a0protezione di tali dati con provvedimento del 19 dicembre 2018.\u00a0Esso contiene precise e dettagliate regole di condotta per gli archivisti ed anche per gli utenti.<\/span><\/p><p><span style=\"color: #000000;\">Si pubblica il <a href=\"https:\/\/archiviodistatoverona.cultura.gov.it\/wp-content\/uploads\/2022\/12\/Regolamento-di-sala-studio-agg.-al-5-dicembre-2022.pdf\">Regolamento di sala studio agg. al 5 dicembre 2022<\/a>.<\/span><\/p>\t\t\t\t\t\t\t\t<\/div>\n\t\t\t\t<\/div>\n\t\t\t\t\t<\/div>\n\t\t<\/div>\n\t\t\t\t\t<\/div>\n\t\t<\/section>\n\t\t\t\t<section class=\"elementor-section elementor-top-section elementor-element elementor-element-736fe72 elementor-section-boxed elementor-section-height-default elementor-section-height-default\" data-id=\"736fe72\" data-element_type=\"section\">\n\t\t\t\t\t\t<div class=\"elementor-container elementor-column-gap-default\">\n\t\t\t\t\t<div class=\"elementor-column elementor-col-100 elementor-top-column elementor-element elementor-element-06e7240\" data-id=\"06e7240\" data-element_type=\"column\">\n\t\t\t<div class=\"elementor-widget-wrap elementor-element-populated\">\n\t\t\t\t\t\t<div class=\"elementor-element elementor-element-55cc1e0 elementor-widget elementor-widget-image\" data-id=\"55cc1e0\" data-element_type=\"widget\" data-widget_type=\"image.default\">\n\t\t\t\t<div class=\"elementor-widget-container\">\n\t\t\t\t\t\t\t\t\t\t\t\t\t\t\t<img fetchpriority=\"high\" decoding=\"async\" width=\"1024\" height=\"680\" src=\"https:\/\/archiviodistatoverona.cultura.gov.it\/wp-content\/uploads\/2022\/07\/8_sede-asvr-Sala-Studio-1024x680.jpg\" class=\"elementor-animation-hang attachment-large size-large wp-image-1723\" alt=\"\" srcset=\"https:\/\/archiviodistatoverona.cultura.gov.it\/wp-content\/uploads\/2022\/07\/8_sede-asvr-Sala-Studio-1024x680.jpg 1024w, https:\/\/archiviodistatoverona.cultura.gov.it\/wp-content\/uploads\/2022\/07\/8_sede-asvr-Sala-Studio-300x199.jpg 300w, https:\/\/archiviodistatoverona.cultura.gov.it\/wp-content\/uploads\/2022\/07\/8_sede-asvr-Sala-Studio-768x510.jpg 768w, https:\/\/archiviodistatoverona.cultura.gov.it\/wp-content\/uploads\/2022\/07\/8_sede-asvr-Sala-Studio-1536x1020.jpg 1536w, https:\/\/archiviodistatoverona.cultura.gov.it\/wp-content\/uploads\/2022\/07\/8_sede-asvr-Sala-Studio-2048x1360.jpg 2048w\" sizes=\"(max-width: 1024px) 100vw, 1024px\" \/>\t\t\t\t\t\t\t\t\t\t\t\t\t\t\t<\/div>\n\t\t\t\t<\/div>\n\t\t\t\t\t<\/div>\n\t\t<\/div>\n\t\t\t\t\t<\/div>\n\t\t<\/section>\n\t\t\t\t<\/div>\n\t\t","protected":false},"excerpt":{"rendered":"<p>Sala studio \u00a0\u00a0\u00a0\u00a0\u00a0\u00a0 &#8211; Prenotazione unit\u00e0 Biblioteca Fotoriproduzione Ricerche per corrispondenza PagoPA Autorizzazione a pubblicare La Sala Studio, \u00e8 ubicata al primo piano, ed \u00e8 aperta\u00a0negli orari di apertura dell\u2019istituto [&hellip;]<\/p>\n","protected":false},"author":1,"featured_media":0,"parent":0,"menu_order":0,"comment_status":"closed","ping_status":"closed","template":"","meta":{"ocean_post_layout":"","ocean_both_sidebars_style":"","ocean_both_sidebars_content_width":0,"ocean_both_sidebars_sidebars_width":0,"ocean_sidebar":"0","ocean_second_sidebar":"0","ocean_disable_margins":"enable","ocean_add_body_class":"","ocean_shortcode_before_top_bar":"","ocean_shortcode_after_top_bar":"","ocean_shortcode_before_header":"","ocean_shortcode_after_header":"","ocean_has_shortcode":"","ocean_shortcode_after_title":"","ocean_shortcode_before_footer_widgets":"","ocean_shortcode_after_footer_widgets":"","ocean_shortcode_before_footer_bottom":"","ocean_shortcode_after_footer_bottom":"","ocean_display_top_bar":"default","ocean_display_header":"default","ocean_header_style":"","ocean_center_header_left_menu":"0","ocean_custom_header_template":"0","ocean_custom_logo":0,"ocean_custom_retina_logo":0,"ocean_custom_logo_max_width":0,"ocean_custom_logo_tablet_max_width":0,"ocean_custom_logo_mobile_max_width":0,"ocean_custom_logo_max_height":0,"ocean_custom_logo_tablet_max_height":0,"ocean_custom_logo_mobile_max_height":0,"ocean_header_custom_menu":"0","ocean_menu_typo_font_family":"0","ocean_menu_typo_font_subset":"","ocean_menu_typo_font_size":0,"ocean_menu_typo_font_size_tablet":0,"ocean_menu_typo_font_size_mobile":0,"ocean_menu_typo_font_size_unit":"px","ocean_menu_typo_font_weight":"","ocean_menu_typo_font_weight_tablet":"","ocean_menu_typo_font_weight_mobile":"","ocean_menu_typo_transform":"","ocean_menu_typo_transform_tablet":"","ocean_menu_typo_transform_mobile":"","ocean_menu_typo_line_height":0,"ocean_menu_typo_line_height_tablet":0,"ocean_menu_typo_line_height_mobile":0,"ocean_menu_typo_line_height_unit":"","ocean_menu_typo_spacing":0,"ocean_menu_typo_spacing_tablet":0,"ocean_menu_typo_spacing_mobile":0,"ocean_menu_typo_spacing_unit":"","ocean_menu_link_color":"","ocean_menu_link_color_hover":"","ocean_menu_link_color_active":"","ocean_menu_link_background":"","ocean_menu_link_hover_background":"","ocean_menu_link_active_background":"","ocean_menu_social_links_bg":"","ocean_menu_social_hover_links_bg":"","ocean_menu_social_links_color":"","ocean_menu_social_hover_links_color":"","ocean_disable_title":"default","ocean_disable_heading":"default","ocean_post_title":"","ocean_post_subheading":"","ocean_post_title_style":"","ocean_post_title_background_color":"","ocean_post_title_background":0,"ocean_post_title_bg_image_position":"","ocean_post_title_bg_image_attachment":"","ocean_post_title_bg_image_repeat":"","ocean_post_title_bg_image_size":"","ocean_post_title_height":0,"ocean_post_title_bg_overlay":0.5,"ocean_post_title_bg_overlay_color":"","ocean_disable_breadcrumbs":"default","ocean_breadcrumbs_color":"","ocean_breadcrumbs_separator_color":"","ocean_breadcrumbs_links_color":"","ocean_breadcrumbs_links_hover_color":"","ocean_display_footer_widgets":"default","ocean_display_footer_bottom":"default","ocean_custom_footer_template":"0","footnotes":""},"class_list":["post-47","page","type-page","status-publish","hentry","entry"],"_links":{"self":[{"href":"https:\/\/archiviodistatoverona.cultura.gov.it\/index.php?rest_route=\/wp\/v2\/pages\/47","targetHints":{"allow":["GET"]}}],"collection":[{"href":"https:\/\/archiviodistatoverona.cultura.gov.it\/index.php?rest_route=\/wp\/v2\/pages"}],"about":[{"href":"https:\/\/archiviodistatoverona.cultura.gov.it\/index.php?rest_route=\/wp\/v2\/types\/page"}],"author":[{"embeddable":true,"href":"https:\/\/archiviodistatoverona.cultura.gov.it\/index.php?rest_route=\/wp\/v2\/users\/1"}],"replies":[{"embeddable":true,"href":"https:\/\/archiviodistatoverona.cultura.gov.it\/index.php?rest_route=%2Fwp%2Fv2%2Fcomments&post=47"}],"version-history":[{"count":107,"href":"https:\/\/archiviodistatoverona.cultura.gov.it\/index.php?rest_route=\/wp\/v2\/pages\/47\/revisions"}],"predecessor-version":[{"id":2510,"href":"https:\/\/archiviodistatoverona.cultura.gov.it\/index.php?rest_route=\/wp\/v2\/pages\/47\/revisions\/2510"}],"wp:attachment":[{"href":"https:\/\/archiviodistatoverona.cultura.gov.it\/index.php?rest_route=%2Fwp%2Fv2%2Fmedia&parent=47"}],"curies":[{"name":"wp","href":"https:\/\/api.w.org\/{rel}","templated":true}]}}