{"id":36,"date":"2022-04-15T17:24:17","date_gmt":"2022-04-15T15:24:17","guid":{"rendered":"http:\/\/archiviodistatoverona.cultura.gov.it\/?page_id=36"},"modified":"2022-08-31T10:29:25","modified_gmt":"2022-08-31T08:29:25","slug":"archivio-di-stato-cenni-storici","status":"publish","type":"page","link":"https:\/\/archiviodistatoverona.cultura.gov.it\/?page_id=36","title":{"rendered":"Storia"},"content":{"rendered":"\t\t<div data-elementor-type=\"wp-page\" data-elementor-id=\"36\" class=\"elementor elementor-36\">\n\t\t\t\t\t\t<section class=\"elementor-section elementor-top-section elementor-element elementor-element-fc4287c elementor-section-boxed elementor-section-height-default elementor-section-height-default\" data-id=\"fc4287c\" data-element_type=\"section\">\n\t\t\t\t\t\t<div class=\"elementor-container elementor-column-gap-default\">\n\t\t\t\t\t<div class=\"elementor-column elementor-col-50 elementor-top-column elementor-element elementor-element-e47205b\" data-id=\"e47205b\" data-element_type=\"column\">\n\t\t\t<div class=\"elementor-widget-wrap elementor-element-populated\">\n\t\t\t\t\t\t<div class=\"elementor-element elementor-element-4402c7e elementor-invisible elementor-widget elementor-widget-text-editor\" data-id=\"4402c7e\" data-element_type=\"widget\" data-settings=\"{&quot;_animation&quot;:&quot;fadeInUp&quot;}\" data-widget_type=\"text-editor.default\">\n\t\t\t\t<div class=\"elementor-widget-container\">\n\t\t\t\t\t\t\t\t\t<table>\n<tbody>\n<tr>\n<td width=\"500\"><a href=\"https:\/\/archiviodistatoverona.cultura.gov.it\/?page_id=28\" rel=\"noopener\"><strong>Sede<\/strong><\/a><\/td>\n<\/tr>\n<tr>\n<td width=\"500\"><a href=\"https:\/\/archiviodistatoverona.cultura.gov.it\/?page_id=32\" target=\"_blank\" rel=\"noopener\"><strong>Contatti ed orari<\/strong><\/a><\/td>\n<\/tr>\n<tr>\n<td width=\"500\"><a href=\"https:\/\/archiviodistatoverona.cultura.gov.it\/?page_id=32\" target=\"_blank\" rel=\"noopener\"><strong>Storia<\/strong><\/a><\/td>\n<\/tr>\n<tr>\n<td width=\"500\"><a href=\"https:\/\/archiviodistatoverona.cultura.gov.it\/?page_id=34\" target=\"_blank\" rel=\"noopener\"><strong>Personale e funzioni<\/strong><\/a><\/td>\n<\/tr>\n<\/tbody>\n<\/table>\t\t\t\t\t\t\t\t<\/div>\n\t\t\t\t<\/div>\n\t\t\t\t\t<\/div>\n\t\t<\/div>\n\t\t\t\t<div class=\"elementor-column elementor-col-50 elementor-top-column elementor-element elementor-element-48aafb0\" data-id=\"48aafb0\" data-element_type=\"column\">\n\t\t\t<div class=\"elementor-widget-wrap elementor-element-populated\">\n\t\t\t\t\t\t<div class=\"elementor-element elementor-element-4579285 elementor-widget elementor-widget-text-editor\" data-id=\"4579285\" data-element_type=\"widget\" data-widget_type=\"text-editor.default\">\n\t\t\t\t<div class=\"elementor-widget-container\">\n\t\t\t\t\t\t\t\t\t<p style=\"text-align: justify; mso-layout-grid-align: none; text-autospace: none;\"><span style=\"color: #000000;\"><b style=\"font-size: 14px;\"><i><span style=\"font-size: 10.0pt; font-family: 'Arial',sans-serif;\">Dalle precedenti alla nuova sede<\/span><\/i><\/b><\/span><\/p><p style=\"text-align: left;\"><span style=\"font-family: Arial, sans-serif; font-size: 10pt; color: #000000;\">Al momento dell\u2019entrata in funzione (1\u00b0 maggio 1941), la Sezione di Archivio di Stato di Verona si era insediata nei locali ubicati al secondo piano dell\u2019ex convento dei Gesuiti di San Sebastiano, all\u2019uopo presi in locazione, gi\u00e0 in uso agli Antichi Archivi Veronesi annessi alla Biblioteca Civica, confluiti a titolo di deposito nella stessa neoistituita Sezione.<\/span><\/p><p style=\"text-align: left;\"><span style=\"font-size: 10pt; font-family: Arial, sans-serif; color: #000000;\">Durante gli eventi bellici, il patrimonio fu in gran parte sfollato a pi\u00f9 riprese in vari luoghi del contado, ed, al termine del conflitto, risultava distribuito in tre depositi provvisori (piano terreno dell\u2019edificio della sede; un arcovolo dell\u2019Arena; sede del Museo Civico presso palazzo Pompei), per venire infine ricollocato nei locali della sede.<\/span><\/p><p style=\"text-align: left;\"><span style=\"font-size: 10pt; font-family: Arial, sans-serif; color: #000000;\">Essendosi palesata l\u2019inidoneit\u00e0 dei locali della sede sin dal tempo dell\u2019istituzione della Sezione, all\u2019indomani della fine del conflitto mondiale inizi\u00f2 un travagliato processo di valutazione, che condusse la Provincia di Verona ad avviare nel 1957 la fase esecutiva per l\u2019edificazione, su un lotto concesso in permuta dal Comune di Verona, su cui vi insisteva la ex Caserma del Genio civile, nei pressi di via del Pontiere, di una nuova e pi\u00f9 adeguata sede, in via delle Franceschine, inaugurata nel 1961.<\/span><\/p><p style=\"text-align: left;\"><span style=\"color: #000000;\"><span style=\"font-size: 10pt; font-family: Arial, sans-serif;\">Detta sede serv\u00ec l\u2019Istituto sino al trasferimento, i<\/span><span style=\"font-size: 10.0pt; font-family: 'Arial',sans-serif;\">l 30 marzo 2015, nella attuale nuova sede, di propriet\u00e0 della Fondazione Cariverona, ubicata all\u2019interno dell\u2019area degli Ex Magazzini Generali di Verona, oggetto di un programma di riqualificazione urbana tutt\u2019ora in corso. L\u2019edificio \u00e8 sottoposto a vincoli emessi dal Ministero per i beni, le attivit\u00e0 culturali ed il turismo, ed \u00e8 stato oggetto di un intervento di restauro conservativo funzionale al collocamento dell\u2019Archivio. Il fabbricato principale, che si eleva su 2 livelli, piano terra e primo piano, oltre a quelli ai piani ammezzati e interrati nord e sud, \u00e8 costituito da complesso di\u00a0depositi archivistici di ultima generazione disposto due 2 livelli fuori terra composto da 24 depositi di armadi compattabili di cui 8 al piano terra nord, 9 al piano terra sud e 7 a piano primo nord con zone adiacenti dedicate a uffici e sala consultazione, oltre a spazi destinati a funzioni tecniche, tutti serviti da unit\u00e0 di trattamento aria (UTA) tecnologicamente avanzate. Ogni deposito \u00e8 compartimentato REI, oltre ad essere dotato di porte tagliafuoco di sicurezza. All\u2019interno \u00e8 presente un sistema di armadi mobili scorrevoli su binario con movimentazione a leva (volano) che permette l\u2019archiviazione totale di circa 50.000 ml di documentazione. L\u2019accesso agli utenti esterni \u00e8 limitato alla zona visitatori, senza la possibilit\u00e0 di coabitazione con gli archivi e le aree \u201csensibili\u201d.<\/span><\/span><\/p><p style=\"text-align: left;\"><b style=\"color: #000000; font-size: 14px; letter-spacing: 0px;\"><i><span style=\"font-size: 10pt; font-family: Arial, sans-serif;\">\u00a0<\/span><\/i><\/b><\/p><p style=\"text-align: left;\"><b style=\"color: #000000; font-size: 14px; letter-spacing: 0px;\"><i><span style=\"font-size: 10pt; font-family: Arial, sans-serif;\">Note storiche sull\u2019edificio della nuova sede<\/span><\/i><\/b><\/p><p style=\"text-align: left;\"><span style=\"font-size: 10pt; font-family: Arial, sans-serif; color: #000000;\">Quando fu costruito nel 1926, l\u2019edificio era denominato Magazzino 1, detto anche \u2018del Grano\u2019, in quanto costituiva uno dei centri di smistamento di derrate alimentari pi\u00f9 importante d\u2019Europa al cui piano banchina trovavano posto undici celle frigorifere di varie dimensioni e la sala dedicata ai macchinari, costruiti dalla ditta Gaetano Barbieri &amp; C. di Bologna, e composti da due gruppi motore asincrono con ognuno un compressore da 35 cavalli; limitrofa a questo locale vi era la cabina di trasformazione elettrica. Le celle erano affiancate da due lunghe gallerie nelle quali accedevano i vagoni ferroviari per le operazioni di carico e scarico. Il piano superiore, con ingresso tramite piani caricatori elettrici, era assegnato ai depositi delle merci nazionali e doganali. Al primo nucleo, denominato 1Ache occupava una superficie di 1.400 metri quadri, ne venne aggiunto un secondo, 1B, nei primi anni \u201830 e un terzo, 1C, verso lo stesso decennio.<\/span><\/p><p>\u00a0<\/p><p style=\"text-align: left;\"><span style=\"font-family: Arial, sans-serif; font-size: 10pt; color: #000000;\">La sede \u00e8 anche annoverata tra le sedi monumentali degli Archivi di Stato italiani, nella recente monografia curata dal Ministero della Cultura:\u00a0<\/span><a style=\"font-family: Arial, sans-serif; background-color: #ffffff; letter-spacing: 0px;\" href=\"https:\/\/dgagaeta.cultura.gov.it\/dgagaeta\/dga\/uploads\/documents\/FuoriCollana\/62e231b20878a.pdf\"><i>Scrigni di storia. Le sedi monumentali degli Archivi di Stato<\/i>, Direzione generale Archivi, Roma 2022<\/a><\/p>\t\t\t\t\t\t\t\t<\/div>\n\t\t\t\t<\/div>\n\t\t\t\t\t<\/div>\n\t\t<\/div>\n\t\t\t\t\t<\/div>\n\t\t<\/section>\n\t\t\t\t<section class=\"elementor-section elementor-top-section elementor-element elementor-element-66d3749 elementor-section-boxed elementor-section-height-default elementor-section-height-default\" data-id=\"66d3749\" data-element_type=\"section\">\n\t\t\t\t\t\t<div class=\"elementor-container elementor-column-gap-default\">\n\t\t\t\t\t<div class=\"elementor-column elementor-col-100 elementor-top-column elementor-element elementor-element-a60a7c6\" data-id=\"a60a7c6\" data-element_type=\"column\">\n\t\t\t<div class=\"elementor-widget-wrap elementor-element-populated\">\n\t\t\t\t\t\t<div class=\"elementor-element elementor-element-56f04cf elementor-widget elementor-widget-image\" data-id=\"56f04cf\" data-element_type=\"widget\" data-widget_type=\"image.default\">\n\t\t\t\t<div class=\"elementor-widget-container\">\n\t\t\t\t\t\t\t\t\t\t\t\t\t\t\t<img fetchpriority=\"high\" decoding=\"async\" width=\"1024\" height=\"760\" src=\"https:\/\/archiviodistatoverona.cultura.gov.it\/wp-content\/uploads\/2022\/07\/1927-ca_3-1024x760.jpg\" class=\"elementor-animation-hang attachment-large size-large wp-image-1703\" alt=\"\" srcset=\"https:\/\/archiviodistatoverona.cultura.gov.it\/wp-content\/uploads\/2022\/07\/1927-ca_3-1024x760.jpg 1024w, https:\/\/archiviodistatoverona.cultura.gov.it\/wp-content\/uploads\/2022\/07\/1927-ca_3-300x223.jpg 300w, https:\/\/archiviodistatoverona.cultura.gov.it\/wp-content\/uploads\/2022\/07\/1927-ca_3-768x570.jpg 768w, https:\/\/archiviodistatoverona.cultura.gov.it\/wp-content\/uploads\/2022\/07\/1927-ca_3-1536x1140.jpg 1536w, https:\/\/archiviodistatoverona.cultura.gov.it\/wp-content\/uploads\/2022\/07\/1927-ca_3-2048x1520.jpg 2048w\" sizes=\"(max-width: 1024px) 100vw, 1024px\" \/>\t\t\t\t\t\t\t\t\t\t\t\t\t\t\t<\/div>\n\t\t\t\t<\/div>\n\t\t\t\t<div class=\"elementor-element elementor-element-d2a7507 elementor-widget elementor-widget-spacer\" data-id=\"d2a7507\" data-element_type=\"widget\" data-widget_type=\"spacer.default\">\n\t\t\t\t<div class=\"elementor-widget-container\">\n\t\t\t\t\t\t\t<div class=\"elementor-spacer\">\n\t\t\t<div class=\"elementor-spacer-inner\"><\/div>\n\t\t<\/div>\n\t\t\t\t\t\t<\/div>\n\t\t\t\t<\/div>\n\t\t\t\t\t<\/div>\n\t\t<\/div>\n\t\t\t\t\t<\/div>\n\t\t<\/section>\n\t\t\t\t<\/div>\n\t\t","protected":false},"excerpt":{"rendered":"<p>Sede Contatti ed orari Storia Personale e funzioni Dalle precedenti alla nuova sede Al momento dell\u2019entrata in funzione (1\u00b0 maggio 1941), la Sezione di Archivio di Stato di Verona si [&hellip;]<\/p>\n","protected":false},"author":1,"featured_media":0,"parent":0,"menu_order":0,"comment_status":"closed","ping_status":"closed","template":"","meta":{"ocean_post_layout":"","ocean_both_sidebars_style":"","ocean_both_sidebars_content_width":0,"ocean_both_sidebars_sidebars_width":0,"ocean_sidebar":"0","ocean_second_sidebar":"0","ocean_disable_margins":"enable","ocean_add_body_class":"","ocean_shortcode_before_top_bar":"","ocean_shortcode_after_top_bar":"","ocean_shortcode_before_header":"","ocean_shortcode_after_header":"","ocean_has_shortcode":"","ocean_shortcode_after_title":"","ocean_shortcode_before_footer_widgets":"","ocean_shortcode_after_footer_widgets":"","ocean_shortcode_before_footer_bottom":"","ocean_shortcode_after_footer_bottom":"","ocean_display_top_bar":"default","ocean_display_header":"default","ocean_header_style":"","ocean_center_header_left_menu":"0","ocean_custom_header_template":"0","ocean_custom_logo":0,"ocean_custom_retina_logo":0,"ocean_custom_logo_max_width":0,"ocean_custom_logo_tablet_max_width":0,"ocean_custom_logo_mobile_max_width":0,"ocean_custom_logo_max_height":0,"ocean_custom_logo_tablet_max_height":0,"ocean_custom_logo_mobile_max_height":0,"ocean_header_custom_menu":"0","ocean_menu_typo_font_family":"0","ocean_menu_typo_font_subset":"","ocean_menu_typo_font_size":0,"ocean_menu_typo_font_size_tablet":0,"ocean_menu_typo_font_size_mobile":0,"ocean_menu_typo_font_size_unit":"px","ocean_menu_typo_font_weight":"","ocean_menu_typo_font_weight_tablet":"","ocean_menu_typo_font_weight_mobile":"","ocean_menu_typo_transform":"","ocean_menu_typo_transform_tablet":"","ocean_menu_typo_transform_mobile":"","ocean_menu_typo_line_height":0,"ocean_menu_typo_line_height_tablet":0,"ocean_menu_typo_line_height_mobile":0,"ocean_menu_typo_line_height_unit":"","ocean_menu_typo_spacing":0,"ocean_menu_typo_spacing_tablet":0,"ocean_menu_typo_spacing_mobile":0,"ocean_menu_typo_spacing_unit":"","ocean_menu_link_color":"","ocean_menu_link_color_hover":"","ocean_menu_link_color_active":"","ocean_menu_link_background":"","ocean_menu_link_hover_background":"","ocean_menu_link_active_background":"","ocean_menu_social_links_bg":"","ocean_menu_social_hover_links_bg":"","ocean_menu_social_links_color":"","ocean_menu_social_hover_links_color":"","ocean_disable_title":"default","ocean_disable_heading":"default","ocean_post_title":"","ocean_post_subheading":"","ocean_post_title_style":"","ocean_post_title_background_color":"","ocean_post_title_background":0,"ocean_post_title_bg_image_position":"","ocean_post_title_bg_image_attachment":"","ocean_post_title_bg_image_repeat":"","ocean_post_title_bg_image_size":"","ocean_post_title_height":0,"ocean_post_title_bg_overlay":0.5,"ocean_post_title_bg_overlay_color":"","ocean_disable_breadcrumbs":"default","ocean_breadcrumbs_color":"","ocean_breadcrumbs_separator_color":"","ocean_breadcrumbs_links_color":"","ocean_breadcrumbs_links_hover_color":"","ocean_display_footer_widgets":"default","ocean_display_footer_bottom":"default","ocean_custom_footer_template":"0","footnotes":""},"class_list":["post-36","page","type-page","status-publish","hentry","entry"],"_links":{"self":[{"href":"https:\/\/archiviodistatoverona.cultura.gov.it\/index.php?rest_route=\/wp\/v2\/pages\/36","targetHints":{"allow":["GET"]}}],"collection":[{"href":"https:\/\/archiviodistatoverona.cultura.gov.it\/index.php?rest_route=\/wp\/v2\/pages"}],"about":[{"href":"https:\/\/archiviodistatoverona.cultura.gov.it\/index.php?rest_route=\/wp\/v2\/types\/page"}],"author":[{"embeddable":true,"href":"https:\/\/archiviodistatoverona.cultura.gov.it\/index.php?rest_route=\/wp\/v2\/users\/1"}],"replies":[{"embeddable":true,"href":"https:\/\/archiviodistatoverona.cultura.gov.it\/index.php?rest_route=%2Fwp%2Fv2%2Fcomments&post=36"}],"version-history":[{"count":87,"href":"https:\/\/archiviodistatoverona.cultura.gov.it\/index.php?rest_route=\/wp\/v2\/pages\/36\/revisions"}],"predecessor-version":[{"id":2359,"href":"https:\/\/archiviodistatoverona.cultura.gov.it\/index.php?rest_route=\/wp\/v2\/pages\/36\/revisions\/2359"}],"wp:attachment":[{"href":"https:\/\/archiviodistatoverona.cultura.gov.it\/index.php?rest_route=%2Fwp%2Fv2%2Fmedia&parent=36"}],"curies":[{"name":"wp","href":"https:\/\/api.w.org\/{rel}","templated":true}]}}