{"id":32,"date":"2022-04-15T17:22:51","date_gmt":"2022-04-15T15:22:51","guid":{"rendered":"http:\/\/archiviodistatoverona.cultura.gov.it\/?page_id=32"},"modified":"2023-09-04T08:50:12","modified_gmt":"2023-09-04T06:50:12","slug":"orari-e-contatti","status":"publish","type":"page","link":"https:\/\/archiviodistatoverona.cultura.gov.it\/?page_id=32","title":{"rendered":"Contatti ed orari"},"content":{"rendered":"\t\t<div data-elementor-type=\"wp-page\" data-elementor-id=\"32\" class=\"elementor elementor-32\">\n\t\t\t\t\t\t<section class=\"elementor-section elementor-top-section elementor-element elementor-element-eb4668f elementor-section-boxed elementor-section-height-default elementor-section-height-default\" data-id=\"eb4668f\" data-element_type=\"section\">\n\t\t\t\t\t\t<div class=\"elementor-container elementor-column-gap-default\">\n\t\t\t\t\t<div class=\"elementor-column elementor-col-50 elementor-top-column elementor-element elementor-element-588df9b animated-slow elementor-invisible\" data-id=\"588df9b\" data-element_type=\"column\" data-settings=\"{&quot;animation&quot;:&quot;fadeInUp&quot;,&quot;animation_delay&quot;:0}\">\n\t\t\t<div class=\"elementor-widget-wrap elementor-element-populated\">\n\t\t\t\t\t\t<div class=\"elementor-element elementor-element-9e45d96 e-transform e-transform e-transform elementor-invisible elementor-widget elementor-widget-text-editor\" data-id=\"9e45d96\" data-element_type=\"widget\" data-settings=\"{&quot;_animation&quot;:&quot;slideInUp&quot;,&quot;_animation_delay&quot;:0,&quot;_transform_rotateZ_effect&quot;:{&quot;unit&quot;:&quot;px&quot;,&quot;size&quot;:0,&quot;sizes&quot;:[]},&quot;_transform_rotateZ_effect_tablet&quot;:{&quot;unit&quot;:&quot;deg&quot;,&quot;size&quot;:&quot;&quot;,&quot;sizes&quot;:[]},&quot;_transform_rotateZ_effect_mobile&quot;:{&quot;unit&quot;:&quot;deg&quot;,&quot;size&quot;:&quot;&quot;,&quot;sizes&quot;:[]},&quot;_transform_translateX_effect_hover&quot;:{&quot;unit&quot;:&quot;px&quot;,&quot;size&quot;:&quot;&quot;,&quot;sizes&quot;:[]},&quot;_transform_translateX_effect_hover_tablet&quot;:{&quot;unit&quot;:&quot;px&quot;,&quot;size&quot;:&quot;&quot;,&quot;sizes&quot;:[]},&quot;_transform_translateX_effect_hover_mobile&quot;:{&quot;unit&quot;:&quot;px&quot;,&quot;size&quot;:&quot;&quot;,&quot;sizes&quot;:[]},&quot;_transform_translateY_effect_hover&quot;:{&quot;unit&quot;:&quot;px&quot;,&quot;size&quot;:&quot;&quot;,&quot;sizes&quot;:[]},&quot;_transform_translateY_effect_hover_tablet&quot;:{&quot;unit&quot;:&quot;px&quot;,&quot;size&quot;:&quot;&quot;,&quot;sizes&quot;:[]},&quot;_transform_translateY_effect_hover_mobile&quot;:{&quot;unit&quot;:&quot;px&quot;,&quot;size&quot;:&quot;&quot;,&quot;sizes&quot;:[]},&quot;_transform_skewX_effect_hover&quot;:{&quot;unit&quot;:&quot;px&quot;,&quot;size&quot;:&quot;&quot;,&quot;sizes&quot;:[]},&quot;_transform_skewX_effect_hover_tablet&quot;:{&quot;unit&quot;:&quot;deg&quot;,&quot;size&quot;:&quot;&quot;,&quot;sizes&quot;:[]},&quot;_transform_skewX_effect_hover_mobile&quot;:{&quot;unit&quot;:&quot;deg&quot;,&quot;size&quot;:&quot;&quot;,&quot;sizes&quot;:[]},&quot;_transform_skewY_effect_hover&quot;:{&quot;unit&quot;:&quot;px&quot;,&quot;size&quot;:&quot;&quot;,&quot;sizes&quot;:[]},&quot;_transform_skewY_effect_hover_tablet&quot;:{&quot;unit&quot;:&quot;deg&quot;,&quot;size&quot;:&quot;&quot;,&quot;sizes&quot;:[]},&quot;_transform_skewY_effect_hover_mobile&quot;:{&quot;unit&quot;:&quot;deg&quot;,&quot;size&quot;:&quot;&quot;,&quot;sizes&quot;:[]}}\" data-widget_type=\"text-editor.default\">\n\t\t\t\t<div class=\"elementor-widget-container\">\n\t\t\t\t\t\t\t\t\t<table><tbody><tr><td width=\"500\"><a href=\"https:\/\/archiviodistatoverona.cultura.gov.it\/?page_id=28\" rel=\"noopener\"><strong>Sede<\/strong><\/a><\/td><\/tr><tr><td width=\"642\"><a href=\"https:\/\/archiviodistatoverona.cultura.gov.it\/?page_id=32\" rel=\"noopener\"><strong>Contatti ed orari<\/strong><\/a><strong><br \/><\/strong><\/td><\/tr><tr><td width=\"642\"><a href=\"https:\/\/archiviodistatoverona.cultura.gov.it\/?page_id=36\" rel=\"noopener\"><strong>Storia<\/strong><\/a><\/td><\/tr><tr><td width=\"500\"><a href=\"https:\/\/archiviodistatoverona.cultura.gov.it\/?page_id=34\" rel=\"noopener\"><strong>Personale e funzioni<br \/><\/strong><\/a><\/td><\/tr><\/tbody><\/table>\t\t\t\t\t\t\t\t<\/div>\n\t\t\t\t<\/div>\n\t\t\t\t\t<\/div>\n\t\t<\/div>\n\t\t\t\t<div class=\"elementor-column elementor-col-50 elementor-top-column elementor-element elementor-element-1717e74\" data-id=\"1717e74\" data-element_type=\"column\">\n\t\t\t<div class=\"elementor-widget-wrap elementor-element-populated\">\n\t\t\t\t\t\t<div class=\"elementor-element elementor-element-0a15e9d elementor-widget elementor-widget-text-editor\" data-id=\"0a15e9d\" data-element_type=\"widget\" data-widget_type=\"text-editor.default\">\n\t\t\t\t<div class=\"elementor-widget-container\">\n\t\t\t\t\t\t\t\t\t<p><span style=\"color: #000000;\"><b><span style=\"font-size: 10.0pt; font-family: 'Arial',sans-serif;\">Contatti<\/span><\/b><\/span><\/p>\n<table style=\"width: 416px; height: 111px;\" border=\"0\" width=\"343\" cellspacing=\"0\" cellpadding=\"0\">\n<tbody>\n<tr>\n<td style=\"width: 66.3pt; padding: 0cm 5.4pt 0cm 5.4pt;\" valign=\"top\" width=\"111\">\n<h5><span style=\"font-size: 10pt; font-family: Arial, sans-serif; color: #252525; background-image: initial; background-position: initial; background-size: initial; background-repeat: initial; background-attachment: initial; background-origin: initial; background-clip: initial;\">Telefono<br><\/span><span style=\"color: #252525; font-family: Arial, sans-serif; font-size: 10pt; letter-spacing: 0px;\">Fax<br><\/span><span style=\"color: #252525; font-family: Arial, sans-serif; font-size: 10pt; letter-spacing: 0px;\">e-mail<br><\/span><span style=\"color: #252525; font-family: Arial, sans-serif; font-size: 10pt; letter-spacing: 0px;\">PEC<br><\/span><span style=\"color: #252525; font-family: Arial, sans-serif; font-size: 10pt; letter-spacing: 0px;\">e-mail prenotazioni<\/span><\/h5>\n<\/td>\n<td style=\"width: 139.25pt; padding: 0cm 5.4pt 0cm 5.4pt;\" valign=\"top\" width=\"232\">\n<h5><span style=\"font-size: 10pt; font-family: Arial, sans-serif; color: #252525; background-image: initial; background-position: initial; background-size: initial; background-repeat: initial; background-attachment: initial; background-origin: initial; background-clip: initial; font-weight: normal;\">+39 045 594580<br><\/span><span style=\"font-family: Arial, sans-serif; font-size: 10pt;\"><span style=\"color: #252525; font-weight: normal;\">+39 045 8041453&nbsp;<br><\/span><\/span><a style=\"font-size: 14px; background-color: #ffffff;\" href=\"mailto:as-vr@cultura.gov.it\"><span style=\"font-size: 10pt; font-family: Arial, sans-serif; background-image: initial; background-position: initial; background-size: initial; background-repeat: initial; background-attachment: initial; background-origin: initial; background-clip: initial; font-weight: normal;\">as-vr@cultura.gov.it<br><\/span><\/a><a href=\"mailto:as-vr@pec.cultura.gov.it\"><span style=\"font-size: 14px; background: #ffffff; font-weight: normal;\">as-vr@pec.cultura.gov.it<br><\/span><\/a><a style=\"font-size: 14px; letter-spacing: 0px; background-color: #ffffff;\" href=\"mailto:as-vr.salastudio@cultura.gov.it\"><span style=\"font-size: 10pt; font-family: Arial, sans-serif; background-image: initial; background-position: initial; background-size: initial; background-repeat: initial; background-attachment: initial; background-origin: initial; background-clip: initial; font-weight: normal;\">as-vr.salastudio@cultura.gov.it<\/span><\/a><\/h5>\n<\/td>\n<\/tr>\n<\/tbody>\n<\/table>\n<p><b style=\"color: #000000; font-size: 14px;\"><span style=\"font-size: 10pt; font-family: Arial, sans-serif; background-image: initial; background-position: initial; background-size: initial; background-repeat: initial; background-attachment: initial; background-origin: initial; background-clip: initial;\">Orari <span style=\"color: #000000;\">di apertura al pubblico<\/span><\/span><\/b><\/p>\n<table style=\"height: 167px;\" border=\"0\" width=\"281\" cellspacing=\"0\" cellpadding=\"0\">\n<tbody>\n<tr>\n<td valign=\"top\" width=\"129\"><span style=\"color: #000000;\"><b>giorno<\/b><\/span><br><span style=\"color: #000000;\">Luned\u00ec<\/span><br><span style=\"color: #000000;\">Marted\u00ec<\/span><br><span style=\"color: #000000;\">Mercoled\u00ec<\/span><br><span style=\"color: #000000;\">Gioved\u00ec<\/span><br><span style=\"color: #000000;\">Venerd\u00ec<\/span><br><span style=\"color: #000000;\">Sabato<\/span><br><span style=\"color: #000000;\">Domenica<\/span><\/td>\n<td valign=\"top\" width=\"130\"><span style=\"color: #000000;\"><b>orario<\/b><\/span><br><span style=\"color: #000000;\">8:30-15-30<\/span><br><span style=\"color: #000000;\">8:30-16:30<\/span><br><span style=\"color: #000000;\">8:30-15:30<\/span><br><span style=\"color: #000000;\">8:30-16:30<\/span><br><span style=\"color: #000000;\">8:30-15:30<\/span><br><span style=\"color: #000000;\">9:00-13:30<\/span><br><span style=\"color: #000000;\">CHIUSO<\/span><\/td>\n<\/tr>\n<\/tbody>\n<\/table>\n<p><span style=\"color: #000000;\"><b style=\"font-size: 14px; text-align: center;\"><i><u><span style=\"font-size: 10pt; font-family: Arial, sans-serif; background-image: initial; background-position: initial; background-size: initial; background-repeat: initial; background-attachment: initial; background-origin: initial; background-clip: initial;\">Per eventuali variazioni si consiglia di controllare sempre la sezione&nbsp;<a href=\"https:\/\/archiviodistatoverona.cultura.gov.it\/?post_type=news\">News<\/a>.<\/span><\/u><\/i><\/b><\/span><\/p>\n<p><span style=\"color: #000000;\"><b style=\"font-size: 14px;\"><span style=\"font-size: 10pt; font-family: Arial, sans-serif; background-image: initial; background-position: initial; background-size: initial; background-repeat: initial; background-attachment: initial; background-origin: initial; background-clip: initial;\">&nbsp;<\/span><\/b><\/span><\/p>\n<p><span style=\"color: #000000;\"><b style=\"font-size: 14px;\"><span style=\"font-size: 10pt; font-family: Arial, sans-serif; background-image: initial; background-position: initial; background-size: initial; background-repeat: initial; background-attachment: initial; background-origin: initial; background-clip: initial;\">Chiusure festive<\/span><\/b><\/span><\/p>\n<p><span style=\"color: #000000;\"><span style=\"font-size: 10pt; font-family: Arial, sans-serif; background-image: initial; background-position: initial; background-size: initial; background-repeat: initial; background-attachment: initial; background-origin: initial; background-clip: initial;\">1<\/span><span style=\"font-size: 10pt; font-family: Arial, sans-serif; background-image: initial; background-position: initial; background-size: initial; background-repeat: initial; background-attachment: initial; background-origin: initial; background-clip: initial;\">&nbsp;gennaio (Capodanno)<br>6 gennaio (Epifania)<br>25 aprile (Festa della Liberazione)<br><\/span><span style=\"font-family: Arial, sans-serif; font-size: 10pt;\">[variabile] luned\u00ec dell\u2019Angelo<br><\/span><span style=\"font-family: Arial, sans-serif; font-size: 10pt;\">1 maggio (Festa dei Lavoratori)<br><\/span><span style=\"font-family: Arial, sans-serif; font-size: 10pt;\">21 maggio (San Zeno patrono di Verona)<br><\/span><span style=\"font-family: Arial, sans-serif; font-size: 10pt;\">2 giugno (Festa della Repubblica)<\/span><\/span><\/p>\n<p><span style=\"color: #000000;\"><span style=\"font-family: Arial, sans-serif; font-size: 10pt;\">15 agosto (Ferragosto)<br><\/span><span style=\"font-family: Arial, sans-serif; font-size: 10pt;\">1 novembre (Ognissanti)<br><\/span><span style=\"font-family: Arial, sans-serif; font-size: 10pt;\">8 dicembre (Immacolata Concezione)<br><\/span><span style=\"font-family: Arial, sans-serif; font-size: 10pt;\">25 dicembre (Nativit\u00e0 di Cristo)<br><\/span><span style=\"font-family: Arial, sans-serif; font-size: 10pt;\">26 dicembre (Santo Stefano)<\/span><\/span><\/p>\t\t\t\t\t\t\t\t<\/div>\n\t\t\t\t<\/div>\n\t\t\t\t\t<\/div>\n\t\t<\/div>\n\t\t\t\t\t<\/div>\n\t\t<\/section>\n\t\t\t\t<\/div>\n\t\t","protected":false},"excerpt":{"rendered":"<p>Sede Contatti ed orari Storia Personale e funzioni Contatti TelefonoFaxe-mailPECe-mail prenotazioni +39 045 594580+39 045 8041453&nbsp;as-vr@cultura.gov.itas-vr@pec.cultura.gov.itas-vr.salastudio@cultura.gov.it Orari di apertura al pubblico giornoLuned\u00ecMarted\u00ecMercoled\u00ecGioved\u00ecVenerd\u00ecSabatoDomenica orario8:30-15-308:30-16:308:30-15:308:30-16:308:30-15:309:00-13:30CHIUSO Per eventuali variazioni si consiglia di controllare [&hellip;]<\/p>\n","protected":false},"author":1,"featured_media":0,"parent":0,"menu_order":0,"comment_status":"closed","ping_status":"closed","template":"","meta":{"ocean_post_layout":"","ocean_both_sidebars_style":"","ocean_both_sidebars_content_width":0,"ocean_both_sidebars_sidebars_width":0,"ocean_sidebar":"0","ocean_second_sidebar":"0","ocean_disable_margins":"enable","ocean_add_body_class":"","ocean_shortcode_before_top_bar":"","ocean_shortcode_after_top_bar":"","ocean_shortcode_before_header":"","ocean_shortcode_after_header":"","ocean_has_shortcode":"","ocean_shortcode_after_title":"","ocean_shortcode_before_footer_widgets":"","ocean_shortcode_after_footer_widgets":"","ocean_shortcode_before_footer_bottom":"","ocean_shortcode_after_footer_bottom":"","ocean_display_top_bar":"default","ocean_display_header":"default","ocean_header_style":"","ocean_center_header_left_menu":"0","ocean_custom_header_template":"0","ocean_custom_logo":0,"ocean_custom_retina_logo":0,"ocean_custom_logo_max_width":0,"ocean_custom_logo_tablet_max_width":0,"ocean_custom_logo_mobile_max_width":0,"ocean_custom_logo_max_height":0,"ocean_custom_logo_tablet_max_height":0,"ocean_custom_logo_mobile_max_height":0,"ocean_header_custom_menu":"0","ocean_menu_typo_font_family":"0","ocean_menu_typo_font_subset":"","ocean_menu_typo_font_size":0,"ocean_menu_typo_font_size_tablet":0,"ocean_menu_typo_font_size_mobile":0,"ocean_menu_typo_font_size_unit":"px","ocean_menu_typo_font_weight":"","ocean_menu_typo_font_weight_tablet":"","ocean_menu_typo_font_weight_mobile":"","ocean_menu_typo_transform":"","ocean_menu_typo_transform_tablet":"","ocean_menu_typo_transform_mobile":"","ocean_menu_typo_line_height":0,"ocean_menu_typo_line_height_tablet":0,"ocean_menu_typo_line_height_mobile":0,"ocean_menu_typo_line_height_unit":"","ocean_menu_typo_spacing":0,"ocean_menu_typo_spacing_tablet":0,"ocean_menu_typo_spacing_mobile":0,"ocean_menu_typo_spacing_unit":"","ocean_menu_link_color":"","ocean_menu_link_color_hover":"","ocean_menu_link_color_active":"","ocean_menu_link_background":"","ocean_menu_link_hover_background":"","ocean_menu_link_active_background":"","ocean_menu_social_links_bg":"","ocean_menu_social_hover_links_bg":"","ocean_menu_social_links_color":"","ocean_menu_social_hover_links_color":"","ocean_disable_title":"default","ocean_disable_heading":"default","ocean_post_title":"","ocean_post_subheading":"","ocean_post_title_style":"","ocean_post_title_background_color":"","ocean_post_title_background":0,"ocean_post_title_bg_image_position":"","ocean_post_title_bg_image_attachment":"","ocean_post_title_bg_image_repeat":"","ocean_post_title_bg_image_size":"","ocean_post_title_height":0,"ocean_post_title_bg_overlay":0.5,"ocean_post_title_bg_overlay_color":"","ocean_disable_breadcrumbs":"default","ocean_breadcrumbs_color":"","ocean_breadcrumbs_separator_color":"","ocean_breadcrumbs_links_color":"","ocean_breadcrumbs_links_hover_color":"","ocean_display_footer_widgets":"default","ocean_display_footer_bottom":"default","ocean_custom_footer_template":"0","footnotes":""},"class_list":["post-32","page","type-page","status-publish","hentry","entry"],"_links":{"self":[{"href":"https:\/\/archiviodistatoverona.cultura.gov.it\/index.php?rest_route=\/wp\/v2\/pages\/32","targetHints":{"allow":["GET"]}}],"collection":[{"href":"https:\/\/archiviodistatoverona.cultura.gov.it\/index.php?rest_route=\/wp\/v2\/pages"}],"about":[{"href":"https:\/\/archiviodistatoverona.cultura.gov.it\/index.php?rest_route=\/wp\/v2\/types\/page"}],"author":[{"embeddable":true,"href":"https:\/\/archiviodistatoverona.cultura.gov.it\/index.php?rest_route=\/wp\/v2\/users\/1"}],"replies":[{"embeddable":true,"href":"https:\/\/archiviodistatoverona.cultura.gov.it\/index.php?rest_route=%2Fwp%2Fv2%2Fcomments&post=32"}],"version-history":[{"count":109,"href":"https:\/\/archiviodistatoverona.cultura.gov.it\/index.php?rest_route=\/wp\/v2\/pages\/32\/revisions"}],"predecessor-version":[{"id":3291,"href":"https:\/\/archiviodistatoverona.cultura.gov.it\/index.php?rest_route=\/wp\/v2\/pages\/32\/revisions\/3291"}],"wp:attachment":[{"href":"https:\/\/archiviodistatoverona.cultura.gov.it\/index.php?rest_route=%2Fwp%2Fv2%2Fmedia&parent=32"}],"curies":[{"name":"wp","href":"https:\/\/api.w.org\/{rel}","templated":true}]}}