{"id":28,"date":"2022-04-15T17:21:36","date_gmt":"2022-04-15T15:21:36","guid":{"rendered":"http:\/\/archiviodistatoverona.cultura.gov.it\/?page_id=28"},"modified":"2022-07-11T13:25:00","modified_gmt":"2022-07-11T11:25:00","slug":"istituto","status":"publish","type":"page","link":"https:\/\/archiviodistatoverona.cultura.gov.it\/?page_id=28","title":{"rendered":"Sede"},"content":{"rendered":"\t\t<div data-elementor-type=\"wp-page\" data-elementor-id=\"28\" class=\"elementor elementor-28\">\n\t\t\t\t\t\t<section class=\"elementor-section elementor-top-section elementor-element elementor-element-dad2dde elementor-section-boxed elementor-section-height-default elementor-section-height-default\" data-id=\"dad2dde\" data-element_type=\"section\">\n\t\t\t\t\t\t<div class=\"elementor-container elementor-column-gap-default\">\n\t\t\t\t\t<div class=\"elementor-column elementor-col-50 elementor-top-column elementor-element elementor-element-696f2be\" data-id=\"696f2be\" data-element_type=\"column\">\n\t\t\t<div class=\"elementor-widget-wrap elementor-element-populated\">\n\t\t\t\t\t\t<div class=\"elementor-element elementor-element-31124b3 elementor-invisible elementor-widget elementor-widget-text-editor\" data-id=\"31124b3\" data-element_type=\"widget\" data-settings=\"{&quot;_animation&quot;:&quot;fadeInUp&quot;,&quot;_animation_delay&quot;:0}\" data-widget_type=\"text-editor.default\">\n\t\t\t\t<div class=\"elementor-widget-container\">\n\t\t\t\t\t\t\t\t\t<table>\n<tbody>\n<tr>\n<td width=\"500\"><a href=\"https:\/\/archiviodistatoverona.cultura.gov.it\/?page_id=28\" rel=\"noopener\"><strong>Sede<\/strong><\/a><\/td>\n<\/tr>\n<tr>\n<td width=\"642\"><a href=\"https:\/\/archiviodistatoverona.cultura.gov.it\/?page_id=32\" rel=\"noopener\"><strong>Contatti ed orari<\/strong><\/a><strong>\n<\/strong><\/td>\n<\/tr>\n<tr>\n<td width=\"642\"><a href=\"https:\/\/archiviodistatoverona.cultura.gov.it\/?page_id=36\" rel=\"noopener\"><strong>Storia<\/strong><\/a><\/td>\n<\/tr>\n<tr>\n<td width=\"500\"><a href=\"https:\/\/archiviodistatoverona.cultura.gov.it\/?page_id=34\" rel=\"noopener\"><strong>Personale e funzioni\n<\/strong><\/a><\/td>\n<\/tr>\n<\/tbody>\n<\/table>\t\t\t\t\t\t\t\t<\/div>\n\t\t\t\t<\/div>\n\t\t\t\t\t<\/div>\n\t\t<\/div>\n\t\t\t\t<div class=\"elementor-column elementor-col-50 elementor-top-column elementor-element elementor-element-a42d8f0\" data-id=\"a42d8f0\" data-element_type=\"column\">\n\t\t\t<div class=\"elementor-widget-wrap elementor-element-populated\">\n\t\t\t\t\t\t<div class=\"elementor-element elementor-element-4777ef4 elementor-widget elementor-widget-text-editor\" data-id=\"4777ef4\" data-element_type=\"widget\" data-widget_type=\"text-editor.default\">\n\t\t\t\t<div class=\"elementor-widget-container\">\n\t\t\t\t\t\t\t\t\t<div><h3 style=\"text-align: center;\" align=\"center\"><span style=\"color: #000000;\"><span style=\"font-size: 10pt; line-height: 107%; font-family: Arial, sans-serif; background-image: initial; background-position: initial; background-size: initial; background-repeat: initial; background-attachment: initial; background-origin: initial; background-clip: initial;\">L&#8217;Archivio di Stato di Verona ha sede in<\/span><\/span><\/h3><h3 style=\"text-align: center;\" align=\"center\">Via Santa Teresa, 12 \u2013 37135 Verona, Veneto (ITALY)<br \/><span style=\"font-weight: normal;\">(area ex Magazzini Generali)<\/span><span style=\"color: #000000;\"><span style=\"font-size: 10pt; line-height: 107%; font-family: Arial, sans-serif; background-image: initial; background-position: initial; background-size: initial; background-repeat: initial; background-attachment: initial; background-origin: initial; background-clip: initial;\"><br \/><\/span><\/span><\/h3><h3 style=\"text-align: left;\" align=\"center\"><span style=\"font-family: Arial, sans-serif; font-size: 10pt; color: #000000; font-weight: normal;\">Sono disponibili posti di parcheggio gratuito sia sotto l\u2019ufficio, sia in zone limitrofe.\u00a0<\/span><\/h3><h3 style=\"text-align: left;\" align=\"center\"><span style=\"color: #000000; font-family: Arial, sans-serif; font-size: 10pt; font-weight: normal;\">Dista dalla stazione ferroviaria circa 1 km.<\/span><\/h3><h3 style=\"margin: 0cm 0cm 15pt; background-image: initial; background-position: initial; background-size: initial; background-repeat: initial; background-attachment: initial; background-origin: initial; background-clip: initial;\"><span style=\"font-size: 10pt; font-family: Arial, sans-serif; color: #000000; font-weight: normal;\">Nella zona, a pochi passi dall\u2019Archivio, vi sono bar e ristoranti. <\/span><\/h3><h3 style=\"margin: 0cm 0cm 15pt; background-image: initial; background-position: initial; background-size: initial; background-repeat: initial; background-attachment: initial; background-origin: initial; background-clip: initial;\"><span style=\"font-size: 10pt; font-family: Arial, sans-serif; color: #000000; font-weight: normal;\">La struttura \u00e8 dotata di distributori cibo\/bevande. <\/span><\/h3><h3 style=\"margin: 0cm 0cm 15pt; background-image: initial; background-position: initial; background-size: initial; background-repeat: initial; background-attachment: initial; background-origin: initial; background-clip: initial;\"><span style=\"font-size: 10pt; font-family: Arial, sans-serif; color: #000000; font-weight: normal;\">All\u2019ingresso della Sala studio\u00a0vi \u00e8 un\u2019area attrezzata per il guardaroba e per il deposito delle borse in armadietti con chiave.<\/span><\/h3><h3 style=\"margin: 0cm 0cm 15pt; background-image: initial; background-position: initial; background-size: initial; background-repeat: initial; background-attachment: initial; background-origin: initial; background-clip: initial;\"><span style=\"font-size: 10pt; font-family: Arial, sans-serif; color: #000000; font-weight: normal;\">La sede dell\u2019Archivio di Stato \u00e8 un edificio, nato come struttura industriale, ma recentemente rinnovato e riprogettato in funzione di archivio.<\/span><\/h3><h3 style=\"margin: 0cm 0cm 15pt; background-image: initial; background-position: initial; background-size: initial; background-repeat: initial; background-attachment: initial; background-origin: initial; background-clip: initial;\"><span style=\"font-size: 10pt; font-family: Arial, sans-serif; color: #000000; font-weight: normal;\">Ha condizioni di accessibilit\u00e0 ottime, anche per chi ha difficolt\u00e0 motorie. E\u2019 protetto contro gli incendi, le intrusioni, le scariche atmosferiche; rispetta le norme di sicurezza.<\/span><\/h3><\/div>\t\t\t\t\t\t\t\t<\/div>\n\t\t\t\t<\/div>\n\t\t\t\t\t<\/div>\n\t\t<\/div>\n\t\t\t\t\t<\/div>\n\t\t<\/section>\n\t\t\t\t<section class=\"elementor-section elementor-top-section elementor-element elementor-element-223e9e9 elementor-section-boxed elementor-section-height-default elementor-section-height-default\" data-id=\"223e9e9\" data-element_type=\"section\">\n\t\t\t\t\t\t<div class=\"elementor-container elementor-column-gap-default\">\n\t\t\t\t\t<div class=\"elementor-column elementor-col-100 elementor-top-column elementor-element elementor-element-d622937\" data-id=\"d622937\" data-element_type=\"column\">\n\t\t\t<div class=\"elementor-widget-wrap elementor-element-populated\">\n\t\t\t\t\t\t<div class=\"elementor-element elementor-element-fc59382 elementor-widget elementor-widget-google_maps\" data-id=\"fc59382\" data-element_type=\"widget\" data-widget_type=\"google_maps.default\">\n\t\t\t\t<div class=\"elementor-widget-container\">\n\t\t\t\t\t\t\t<div class=\"elementor-custom-embed\">\n\t\t\t<iframe loading=\"lazy\"\n\t\t\t\t\tsrc=\"https:\/\/maps.google.com\/maps?q=Verona%20Archivio%20di%20stato&#038;t=m&#038;z=15&#038;output=embed&#038;iwloc=near\"\n\t\t\t\t\ttitle=\"Verona Archivio di stato\"\n\t\t\t\t\taria-label=\"Verona Archivio di stato\"\n\t\t\t><\/iframe>\n\t\t<\/div>\n\t\t\t\t\t\t<\/div>\n\t\t\t\t<\/div>\n\t\t\t\t\t<\/div>\n\t\t<\/div>\n\t\t\t\t\t<\/div>\n\t\t<\/section>\n\t\t\t\t<section class=\"elementor-section elementor-top-section elementor-element elementor-element-bfa5820 elementor-section-boxed elementor-section-height-default elementor-section-height-default\" data-id=\"bfa5820\" data-element_type=\"section\">\n\t\t\t\t\t\t<div class=\"elementor-container elementor-column-gap-default\">\n\t\t\t\t\t<div class=\"elementor-column elementor-col-100 elementor-top-column elementor-element elementor-element-35986bc\" data-id=\"35986bc\" data-element_type=\"column\">\n\t\t\t<div class=\"elementor-widget-wrap elementor-element-populated\">\n\t\t\t\t\t\t<div class=\"elementor-element elementor-element-2ab0d87 elementor-widget elementor-widget-text-editor\" data-id=\"2ab0d87\" data-element_type=\"widget\" data-widget_type=\"text-editor.default\">\n\t\t\t\t<div class=\"elementor-widget-container\">\n\t\t\t\t\t\t\t\t\t<h3 style=\"margin: 0cm 0cm 15pt; background-image: initial; background-position: initial; background-size: initial; background-repeat: initial; background-attachment: initial; background-origin: initial; background-clip: initial;\"><span style=\"font-size: 10pt; font-family: Arial, sans-serif; color: rgb(0, 0, 0);\"><i>Come raggiungerci<\/i><\/span><\/h3>\n<table border=\"0\" cellspacing=\"0\" cellpadding=\"0\">\n<tbody>\n<tr>\n<td valign=\"top\" width=\"401\">\n<p><\/p>\n<h3 style=\"margin: 0cm 0cm 15pt; background-image: initial; background-position: initial; background-size: initial; background-repeat: initial; background-attachment: initial; background-origin: initial; background-clip: initial;\"><i style=\"font-weight: normal;\"><span style=\"font-size: 10pt; font-family: Arial, sans-serif; color: #000000; font-weight: normal;\">Per chi arriva dall\u2019autostrada<\/span><\/i><\/h3>\n<\/td>\n<td valign=\"top\" width=\"401\">\n<p><\/p>\n<h3 style=\"margin: 0cm 0cm 15pt; background-image: initial; background-position: initial; background-size: initial; background-repeat: initial; background-attachment: initial; background-origin: initial; background-clip: initial;\"><i style=\"font-weight: normal;\"><span style=\"font-size: 10pt; font-family: Arial, sans-serif; color: #000000; font-weight: normal;\">Per chi arriva dal centro o dalla stazione ferroviaria<\/span><\/i><\/h3>\n<\/td>\n<\/tr>\n<tr>\n<td valign=\"top\" width=\"401\">\n<h3 style=\"margin: 0cm 0cm 15pt; background-image: initial; background-position: initial; background-size: initial; background-repeat: initial; background-attachment: initial; background-origin: initial; background-clip: initial;\"><span style=\"font-size: 10pt; font-family: Arial, sans-serif; color: #000000; font-weight: normal;\">Uscire a Verona sud e seguire l&#8217;indicazione per Verona centro, immettendosi su viale del lavoro.<\/span><\/h3>\n<h3 style=\"margin: 0cm 0cm 15pt; background-image: initial; background-position: initial; background-size: initial; background-repeat: initial; background-attachment: initial; background-origin: initial; background-clip: initial;\">&nbsp;<\/h3>\n<h3 style=\"margin: 0cm 0cm 15pt; background-image: initial; background-position: initial; background-size: initial; background-repeat: initial; background-attachment: initial; background-origin: initial; background-clip: initial;\"><span style=\"font-size: 10pt; font-family: Arial, sans-serif; color: #000000; font-weight: normal;\">All&#8217;altezza della Fiera e del mercato ortofrutticolo, al semaforo, girare a destra e immettersi su viale dell&#8217;agricoltura.<\/span><\/h3>\n<h3 style=\"margin: 0cm 0cm 15pt; background-image: initial; background-position: initial; background-size: initial; background-repeat: initial; background-attachment: initial; background-origin: initial; background-clip: initial;\"><span style=\"font-size: 10pt; font-family: Arial, sans-serif; color: #000000; font-weight: normal;\">In fondo girare a sinistra e percorrere, per un tratto, via Scuderlando che poi diventa via Santa Teresa e, lasciandosi sulla destra l&#8217;omonima chiesa, dopo pochi metri entrare nel primo ingresso situato di&nbsp;fronte all\u2019ufficio postale interrato di Verona 9.<\/span><\/h3>\n<p><\/p>\n<p><\/p>\n<\/td>\n<td valign=\"top\" width=\"401\">\n<h3 style=\"margin: 0cm 0cm 15pt; background-image: initial; background-position: initial; background-size: initial; background-repeat: initial; background-attachment: initial; background-origin: initial; background-clip: initial;\"><span style=\"font-size: 10pt; font-family: Arial, sans-serif; color: #000000; font-weight: normal;\">Percorrere viale Piave e prendere il sottopasso con l\u2019indicazione P Fiera.<\/span><\/h3>\n<h3 style=\"margin: 0cm 0cm 15pt; background-image: initial; background-position: initial; background-size: initial; background-repeat: initial; background-attachment: initial; background-origin: initial; background-clip: initial;\"><span style=\"font-size: 10pt; font-family: Arial, sans-serif; color: #000000; font-weight: normal;\">Alla fine del sottopasso svoltare subito a destra e percorrere via Santa Teresa per circa 100 metri e poi entrare dall&#8217;ingresso a destra, di fronte all&#8217;ufficio postale interrato&nbsp; di Verona 9.<\/span><\/h3>\n<p><\/p>\n<\/td>\n<\/tr>\n<\/tbody>\n<\/table>\n<p><span style=\"color: #000000; font-family: Arial, sans-serif; font-size: 10pt; font-weight: normal;\">Entrare nel recinto del cantiere, lasciandosi a sinistra la famosa rotonda della stazione frigorifera specializzata,&nbsp; e arrivare fino alle due sculture che rappresentano due sacchi di grano.<\/span><\/p>\n<h3 style=\"margin: 0cm 0cm 15pt; background-image: initial; background-position: initial; background-size: initial; background-repeat: initial; background-attachment: initial; background-origin: initial; background-clip: initial;\"><span style=\"font-size: 10pt; font-family: Arial, sans-serif; color: #000000; font-weight: normal;\">L\u00ec vi \u00e8 l&#8217;ingresso principale con lo scalone: l&#8217;Archivio \u00e8 al primo piano, a sinistra.<\/span><\/h3>\n<h3 style=\"margin: 0cm 0cm 15pt; background-image: initial; background-position: initial; background-size: initial; background-repeat: initial; background-attachment: initial; background-origin: initial; background-clip: initial;\"><span style=\"font-size: 10pt; font-family: Arial, sans-serif; color: #000000; font-weight: normal;\">Dalla Stazione di Verona Porta Nuova l&#8217;Archivio \u00e8 raggiungibile con gli autobus n. 51 e n. 52 (scendere alla prima fermata dopo il sottopasso di viale Piave).<\/span><\/h3>\n<p><\/p>\t\t\t\t\t\t\t\t<\/div>\n\t\t\t\t<\/div>\n\t\t\t\t\t<\/div>\n\t\t<\/div>\n\t\t\t\t\t<\/div>\n\t\t<\/section>\n\t\t\t\t<section class=\"elementor-section elementor-top-section elementor-element elementor-element-dabee9b elementor-section-boxed elementor-section-height-default elementor-section-height-default\" data-id=\"dabee9b\" data-element_type=\"section\">\n\t\t\t\t\t\t<div class=\"elementor-container elementor-column-gap-default\">\n\t\t\t\t\t<div class=\"elementor-column elementor-col-100 elementor-top-column elementor-element elementor-element-edc9c2a\" data-id=\"edc9c2a\" data-element_type=\"column\">\n\t\t\t<div class=\"elementor-widget-wrap elementor-element-populated\">\n\t\t\t\t\t\t<div class=\"elementor-element elementor-element-4a15a39 elementor-widget elementor-widget-image\" data-id=\"4a15a39\" data-element_type=\"widget\" data-settings=\"{&quot;_animation&quot;:&quot;none&quot;}\" data-widget_type=\"image.default\">\n\t\t\t\t<div class=\"elementor-widget-container\">\n\t\t\t\t\t\t\t\t\t\t\t\t\t\t\t<img fetchpriority=\"high\" decoding=\"async\" width=\"1024\" height=\"485\" src=\"https:\/\/archiviodistatoverona.cultura.gov.it\/wp-content\/uploads\/2022\/07\/20220318_082356-1024x485.jpg\" class=\"elementor-animation-hang attachment-large size-large wp-image-1708\" alt=\"\" srcset=\"https:\/\/archiviodistatoverona.cultura.gov.it\/wp-content\/uploads\/2022\/07\/20220318_082356-1024x485.jpg 1024w, https:\/\/archiviodistatoverona.cultura.gov.it\/wp-content\/uploads\/2022\/07\/20220318_082356-300x142.jpg 300w, https:\/\/archiviodistatoverona.cultura.gov.it\/wp-content\/uploads\/2022\/07\/20220318_082356-768x364.jpg 768w, https:\/\/archiviodistatoverona.cultura.gov.it\/wp-content\/uploads\/2022\/07\/20220318_082356-1536x728.jpg 1536w, https:\/\/archiviodistatoverona.cultura.gov.it\/wp-content\/uploads\/2022\/07\/20220318_082356-2048x971.jpg 2048w\" sizes=\"(max-width: 1024px) 100vw, 1024px\" \/>\t\t\t\t\t\t\t\t\t\t\t\t\t\t\t<\/div>\n\t\t\t\t<\/div>\n\t\t\t\t\t<\/div>\n\t\t<\/div>\n\t\t\t\t\t<\/div>\n\t\t<\/section>\n\t\t\t\t<\/div>\n\t\t","protected":false},"excerpt":{"rendered":"<p>Sede Contatti ed orari Storia Personale e funzioni L&#8217;Archivio di Stato di Verona ha sede in Via Santa Teresa, 12 \u2013 37135 Verona, Veneto (ITALY)(area ex Magazzini Generali) Sono disponibili [&hellip;]<\/p>\n","protected":false},"author":1,"featured_media":0,"parent":0,"menu_order":0,"comment_status":"closed","ping_status":"closed","template":"","meta":{"ocean_post_layout":"","ocean_both_sidebars_style":"","ocean_both_sidebars_content_width":0,"ocean_both_sidebars_sidebars_width":0,"ocean_sidebar":"0","ocean_second_sidebar":"0","ocean_disable_margins":"enable","ocean_add_body_class":"","ocean_shortcode_before_top_bar":"","ocean_shortcode_after_top_bar":"","ocean_shortcode_before_header":"","ocean_shortcode_after_header":"","ocean_has_shortcode":"","ocean_shortcode_after_title":"","ocean_shortcode_before_footer_widgets":"","ocean_shortcode_after_footer_widgets":"","ocean_shortcode_before_footer_bottom":"","ocean_shortcode_after_footer_bottom":"","ocean_display_top_bar":"default","ocean_display_header":"default","ocean_header_style":"","ocean_center_header_left_menu":"0","ocean_custom_header_template":"0","ocean_custom_logo":0,"ocean_custom_retina_logo":0,"ocean_custom_logo_max_width":0,"ocean_custom_logo_tablet_max_width":0,"ocean_custom_logo_mobile_max_width":0,"ocean_custom_logo_max_height":0,"ocean_custom_logo_tablet_max_height":0,"ocean_custom_logo_mobile_max_height":0,"ocean_header_custom_menu":"0","ocean_menu_typo_font_family":"0","ocean_menu_typo_font_subset":"","ocean_menu_typo_font_size":0,"ocean_menu_typo_font_size_tablet":0,"ocean_menu_typo_font_size_mobile":0,"ocean_menu_typo_font_size_unit":"px","ocean_menu_typo_font_weight":"","ocean_menu_typo_font_weight_tablet":"","ocean_menu_typo_font_weight_mobile":"","ocean_menu_typo_transform":"","ocean_menu_typo_transform_tablet":"","ocean_menu_typo_transform_mobile":"","ocean_menu_typo_line_height":0,"ocean_menu_typo_line_height_tablet":0,"ocean_menu_typo_line_height_mobile":0,"ocean_menu_typo_line_height_unit":"","ocean_menu_typo_spacing":0,"ocean_menu_typo_spacing_tablet":0,"ocean_menu_typo_spacing_mobile":0,"ocean_menu_typo_spacing_unit":"","ocean_menu_link_color":"","ocean_menu_link_color_hover":"","ocean_menu_link_color_active":"","ocean_menu_link_background":"","ocean_menu_link_hover_background":"","ocean_menu_link_active_background":"","ocean_menu_social_links_bg":"","ocean_menu_social_hover_links_bg":"","ocean_menu_social_links_color":"","ocean_menu_social_hover_links_color":"","ocean_disable_title":"default","ocean_disable_heading":"default","ocean_post_title":"","ocean_post_subheading":"","ocean_post_title_style":"","ocean_post_title_background_color":"","ocean_post_title_background":0,"ocean_post_title_bg_image_position":"","ocean_post_title_bg_image_attachment":"","ocean_post_title_bg_image_repeat":"","ocean_post_title_bg_image_size":"","ocean_post_title_height":0,"ocean_post_title_bg_overlay":0.5,"ocean_post_title_bg_overlay_color":"","ocean_disable_breadcrumbs":"default","ocean_breadcrumbs_color":"","ocean_breadcrumbs_separator_color":"","ocean_breadcrumbs_links_color":"","ocean_breadcrumbs_links_hover_color":"","ocean_display_footer_widgets":"default","ocean_display_footer_bottom":"default","ocean_custom_footer_template":"0","footnotes":""},"class_list":["post-28","page","type-page","status-publish","hentry","entry"],"_links":{"self":[{"href":"https:\/\/archiviodistatoverona.cultura.gov.it\/index.php?rest_route=\/wp\/v2\/pages\/28","targetHints":{"allow":["GET"]}}],"collection":[{"href":"https:\/\/archiviodistatoverona.cultura.gov.it\/index.php?rest_route=\/wp\/v2\/pages"}],"about":[{"href":"https:\/\/archiviodistatoverona.cultura.gov.it\/index.php?rest_route=\/wp\/v2\/types\/page"}],"author":[{"embeddable":true,"href":"https:\/\/archiviodistatoverona.cultura.gov.it\/index.php?rest_route=\/wp\/v2\/users\/1"}],"replies":[{"embeddable":true,"href":"https:\/\/archiviodistatoverona.cultura.gov.it\/index.php?rest_route=%2Fwp%2Fv2%2Fcomments&post=28"}],"version-history":[{"count":123,"href":"https:\/\/archiviodistatoverona.cultura.gov.it\/index.php?rest_route=\/wp\/v2\/pages\/28\/revisions"}],"predecessor-version":[{"id":2231,"href":"https:\/\/archiviodistatoverona.cultura.gov.it\/index.php?rest_route=\/wp\/v2\/pages\/28\/revisions\/2231"}],"wp:attachment":[{"href":"https:\/\/archiviodistatoverona.cultura.gov.it\/index.php?rest_route=%2Fwp%2Fv2%2Fmedia&parent=28"}],"curies":[{"name":"wp","href":"https:\/\/api.w.org\/{rel}","templated":true}]}}